{"id":20242,"date":"2018-09-05T22:44:28","date_gmt":"2018-09-05T20:44:28","guid":{"rendered":"https:\/\/kks-geschmack.com\/firmengeschichte\/"},"modified":"2019-12-11T14:01:01","modified_gmt":"2019-12-11T13:01:01","slug":"firmengeschichte","status":"publish","type":"page","link":"https:\/\/kks-geschmack.com\/en\/firmengeschichte\/","title":{"rendered":"Company history"},"content":{"rendered":"<section class=\"  no-margin sm-no-margin xs-no-margin no-padding sm-no-padding xs-no-padding\"  style=\" background-color:#c54203;  min-height:195px\"><div class=\"container\"><div class=\"row\"><div data-front-class=\"  col-xs-mobile-fullwidth col-sm-12 no-padding sm-no-padding xs-no-padding no-margin sm-no-margin xs-no-margin front-column-class\" class=\"wpb_column hcode-column-container  col-xs-mobile-fullwidth col-sm-12 no-padding sm-no-padding xs-no-padding no-margin sm-no-margin xs-no-margin\"><div class=\"vc-column-innner-wrapper\">[vc_empty_space height=\"125px\"]<h3><span style=\"color: #ffffff;\">Company history<\/span><\/h3>\n[vc_empty_space height=\"20px\"]<\/div><\/div><\/div><\/div><\/section><section  class=\"  cover-background full-screen bg-image-srcset\"  style=\" background-image: url(https:\/\/kks-geschmack.com\/wp-content\/uploads\/2019\/12\/anfaenge-kally-conny.jpg); \" data-bg-srcset=\"https:\/\/kks-geschmack.com\/wp-content\/uploads\/2019\/12\/anfaenge-kally-conny.jpg 2000w, https:\/\/kks-geschmack.com\/wp-content\/uploads\/2019\/12\/anfaenge-kally-conny-300x141.jpg 300w, https:\/\/kks-geschmack.com\/wp-content\/uploads\/2019\/12\/anfaenge-kally-conny-1024x481.jpg 1024w, https:\/\/kks-geschmack.com\/wp-content\/uploads\/2019\/12\/anfaenge-kally-conny-768x361.jpg 768w, https:\/\/kks-geschmack.com\/wp-content\/uploads\/2019\/12\/anfaenge-kally-conny-1536x721.jpg 1536w, https:\/\/kks-geschmack.com\/wp-content\/uploads\/2019\/12\/anfaenge-kally-conny-81x38.jpg 81w\"><div class=\"container\"><div class=\"row\"><div data-front-class=\"  col-xs-mobile-fullwidth col-sm-12 front-column-class\" class=\"wpb_column hcode-column-container  col-xs-mobile-fullwidth col-sm-12\"><div class=\"vc-column-innner-wrapper\">[vc_empty_space height=\"200px\"]<\/div><\/div><\/div><\/div><\/section><section class=\"  no-margin no-padding\" ><div class=\"container\"><div class=\"row\"><div data-front-class=\"  col-xs-mobile-fullwidth col-sm-12 front-column-class\" class=\"wpb_column hcode-column-container  col-xs-mobile-fullwidth col-sm-12\"><div class=\"vc-column-innner-wrapper\">[vc_empty_space height=\"70px\"]<h1 style=\"text-align: center; color: #c54203;\"><span style=\"font-family: ScriptBL; font-size: 48px;\">D<span style=\"text-transform: lowercase;\">ie <\/span>G<span style=\"text-transform: lowercase;\">eschichte unseres <\/span>F<span style=\"text-transform: lowercase;\">amilienunternehmens<\/span><\/span><\/h1>\n[vc_empty_space height=\"120px\"]<\/div><\/div><\/div><\/div><\/section><section class=\"  no-margin sm-no-margin xs-no-margin no-padding sm-no-padding xs-no-padding\" ><div class=\"container\"><div class=\"row\"><div data-front-class=\"  col-xs-mobile-fullwidth col-sm-12 front-column-class\" class=\"wpb_column hcode-column-container  col-xs-mobile-fullwidth col-sm-12\"><div class=\"vc-column-innner-wrapper\"><h3>Die Anf\u00e4nge<\/h3>\n[vc_empty_space]<p>1948: Der Metzgermeister und Gewerbeoberlehrer i.R. f\u00fcr Nahrungsmittel und Fotografie Karl Konrad gr\u00fcndet in Saarbr\u00fccken einen Fleischimportgro\u00dfhandel, KKS \u2013 KARL KONRAD SAARBR\u00dcCKEN. Er arbeitet wissenschaftlich auf dem Gebiet der Rohwurstherstellung und entwickelt das Rohwurstreifemittel PROPIDIN\u00ae.<\/p>\n<p>1952: Da PROPIDIN\u00ae und andere Pr\u00e4parate von Karl Konrad schon bald bundesweit f\u00fcr die Fleischverarbeitung gefragt sind, aber aufgrund damaliger Zollgrenzen aus dem Saarland nicht ins gesamte Bundesgebiet geliefert werden k\u00f6nnen, verlegt er den Firmensitz und gr\u00fcndet im pf\u00e4lzischen Kirchheimbolanden eine Fabrikation f\u00fcr Gew\u00fcrzmischungen und Hilfsmittel zur Fleischverarbeitung.<br \/>\nKKS stellt erstmals auf der Deutschen Fleischer-Fachausstellung in Hamburg (heute IFFA) aus.<\/p>\n<p>1954: KKS bringt das P\u00f6kelhilfsmittel KOLATIN\u00ae auf den Markt.<\/p>\n[vc_empty_space height=\"100px\"]<\/div><\/div><\/div><\/div><\/section><section  class=\"  parallax-fix bg-image-srcset\"  style=\" background-image: url(https:\/\/kks-geschmack.com\/wp-content\/uploads\/2019\/12\/anfaenge.jpg); \" data-bg-srcset=\"https:\/\/kks-geschmack.com\/wp-content\/uploads\/2019\/12\/anfaenge.jpg 2000w, https:\/\/kks-geschmack.com\/wp-content\/uploads\/2019\/12\/anfaenge-300x141.jpg 300w, https:\/\/kks-geschmack.com\/wp-content\/uploads\/2019\/12\/anfaenge-1024x481.jpg 1024w, https:\/\/kks-geschmack.com\/wp-content\/uploads\/2019\/12\/anfaenge-768x361.jpg 768w, https:\/\/kks-geschmack.com\/wp-content\/uploads\/2019\/12\/anfaenge-1536x722.jpg 1536w, https:\/\/kks-geschmack.com\/wp-content\/uploads\/2019\/12\/anfaenge-81x38.jpg 81w\"><div class=\"container\"><div class=\"row\"><div data-front-class=\"  col-xs-mobile-fullwidth col-sm-12 front-column-class\" class=\"wpb_column hcode-column-container  col-xs-mobile-fullwidth col-sm-12\"><div class=\"vc-column-innner-wrapper\">[vc_empty_space height=\"600px\"]<\/div><\/div><\/div><\/div><\/section><section class=\"  no-margin sm-no-margin xs-no-margin no-padding sm-no-padding xs-no-padding\" ><div class=\"container\"><div class=\"row\"><div data-front-class=\"  col-xs-mobile-fullwidth col-sm-12 front-column-class\" class=\"wpb_column hcode-column-container  col-xs-mobile-fullwidth col-sm-12\"><div class=\"vc-column-innner-wrapper\">[vc_empty_space height=\"50px\"]<h3>Fr\u00fche Marketingaktivit\u00e4ten<\/h3>\n[vc_empty_space]<p>1956: Der erste KKS Lehrfilm f\u00fcr die Metzgerausbildung und -weiterbildung wird erstellt. In der Folge werden in dem firmeneigenen Filmstudio eine Reihe von Lehrfilmen gedreht, die an Berufsschulen und Metzgerinnungen ausgeliehen werden.<\/p>\n<p><a href=\"\/?page_id=19527\">Zu den historischen Filmen &gt;<\/a><\/p>\n<p>1957: Das neue Betriebsgeb\u00e4ude wird gebaut.<\/p>\n<p>1959: Die Kunden- und Fachzeitschrift \u201eDer Fachberater f\u00fcr die Fleischverarbeitung\u201c wird erstmals aufgelegt und bis in die 70er Jahre mehrmals pro Jahr an alle fleischverarbeitenden Betriebe, Metzgereien und Fleischerinnungen der Bundesrepublik kostenlos verteilt.<\/p>\n<p>1960: Ein neues Gesch\u00e4ftsfeld entsteht: Dosenetiketten und Banderolen f\u00fcr Wurstkonserven werden im hauseigenen Verlag mit angeschlossener Druckerei produziert und an Metzgereien vertrieben.<\/p>\n[vc_empty_space height=\"100px\"]<\/div><\/div><\/div><\/div><\/section><section  class=\"  parallax-fix bg-image-srcset\"  style=\" background-image: url(https:\/\/kks-geschmack.com\/wp-content\/uploads\/2019\/12\/anfaenge2.jpg); \" data-bg-srcset=\"https:\/\/kks-geschmack.com\/wp-content\/uploads\/2019\/12\/anfaenge2.jpg 2000w, https:\/\/kks-geschmack.com\/wp-content\/uploads\/2019\/12\/anfaenge2-300x141.jpg 300w, https:\/\/kks-geschmack.com\/wp-content\/uploads\/2019\/12\/anfaenge2-1024x481.jpg 1024w, https:\/\/kks-geschmack.com\/wp-content\/uploads\/2019\/12\/anfaenge2-768x361.jpg 768w, https:\/\/kks-geschmack.com\/wp-content\/uploads\/2019\/12\/anfaenge2-1536x721.jpg 1536w, https:\/\/kks-geschmack.com\/wp-content\/uploads\/2019\/12\/anfaenge2-81x38.jpg 81w\"><div class=\"container\"><div class=\"row\"><div data-front-class=\"  col-xs-mobile-fullwidth col-sm-12 front-column-class\" class=\"wpb_column hcode-column-container  col-xs-mobile-fullwidth col-sm-12\"><div class=\"vc-column-innner-wrapper\">[vc_empty_space height=\"600px\"]<\/div><\/div><\/div><\/div><\/section><section class=\"  no-margin sm-no-margin xs-no-margin no-padding sm-no-padding xs-no-padding\" ><div class=\"container\"><div class=\"row\"><div data-front-class=\"  col-xs-mobile-fullwidth col-sm-12 front-column-class\" class=\"wpb_column hcode-column-container  col-xs-mobile-fullwidth col-sm-12\"><div class=\"vc-column-innner-wrapper\">[vc_empty_space height=\"100px\"]<h3>von den 70ern bis 2000<\/h3>\n[vc_empty_space]<p>1971: Nach dem Tode Karl Konrads \u00fcbernimmt sein Sohn Dieter Konrad die Gesch\u00e4ftsleitung von KKS. Die Produktpalette wird vor allem im Bereich der Gew\u00fcrzmischungen und Geschmacksstoffe ausgeweitet. Neue technologische Produkte werden entwickelt und der Au\u00dfendienst erweitert.<\/p>\n<p>1973: KKS bringt mit POLASOL fl\u00fcssig\u00ae die ersten fl\u00fcssigen Kutterphosphate mit oder ohne Umr\u00f6tung auf den Markt.<\/p>\n<p>1976: F\u00fcr die neu aufkommenden Handwerks-Tumbler f\u00fcr Mittel- und Kleinbetriebe entwickelt KKS das ma\u00dfgeschneiderte KOLATISOL\u00ae-Programm vor allem f\u00fcr Kochschinken, einem besonders wichtigen Gesch\u00e4ftssegment von KKS.<\/p>\n<p>Ab 1989: Mit dem Fall der Mauer, der Wiedervereinigung Deutschlands und der \u00d6ffnung der L\u00e4nder Osteuropas werden neue M\u00e4rkte in Europa erschlossen.<\/p>\n[vc_empty_space height=\"100px\"]<\/div><\/div><\/div><\/div><\/section><section  class=\"  parallax-fix bg-image-srcset\"  style=\" background-image: url(https:\/\/kks-geschmack.com\/wp-content\/uploads\/2019\/12\/anfaenge70er.jpg); \" data-bg-srcset=\"https:\/\/kks-geschmack.com\/wp-content\/uploads\/2019\/12\/anfaenge70er.jpg 2000w, https:\/\/kks-geschmack.com\/wp-content\/uploads\/2019\/12\/anfaenge70er-300x141.jpg 300w, https:\/\/kks-geschmack.com\/wp-content\/uploads\/2019\/12\/anfaenge70er-1024x481.jpg 1024w, https:\/\/kks-geschmack.com\/wp-content\/uploads\/2019\/12\/anfaenge70er-768x361.jpg 768w, https:\/\/kks-geschmack.com\/wp-content\/uploads\/2019\/12\/anfaenge70er-1536x721.jpg 1536w, https:\/\/kks-geschmack.com\/wp-content\/uploads\/2019\/12\/anfaenge70er-81x38.jpg 81w\"><div class=\"container\"><div class=\"row\"><div data-front-class=\"  col-xs-mobile-fullwidth col-sm-12 front-column-class\" class=\"wpb_column hcode-column-container  col-xs-mobile-fullwidth col-sm-12\"><div class=\"vc-column-innner-wrapper\">[vc_empty_space height=\"600px\"]<\/div><\/div><\/div><\/div><\/section><section class=\"  no-margin sm-no-margin xs-no-margin no-padding sm-no-padding xs-no-padding\" ><div class=\"container\"><div class=\"row\"><div data-front-class=\"  col-xs-mobile-fullwidth col-sm-12 front-column-class\" class=\"wpb_column hcode-column-container  col-xs-mobile-fullwidth col-sm-12\"><div class=\"vc-column-innner-wrapper\">[vc_empty_space height=\"100px\"]<h3>Das neue Jahrhundert<\/h3>\n[vc_empty_space]<p>Ab 2000: Der Chemiker Dr. Wolfgang Sauer und seine Frau Bettina Konrad-Sauer leiten das Familienunternehmen in dritter Generation. Die Produktion wird restrukturiert, modernisiert und erweitert. Das Exportgesch\u00e4ft wird systematisch ausgebaut. KKS stellt sich mit einer stark intensivierten Produktentwicklung den Anforderungen der unterschiedlichen Exportm\u00e4rkte sowie der industriellen Abnehmer in Deutschland. Die Qualit\u00e4tssicherung wird systematisch verst\u00e4rkt.<\/p>\n<p>2001: Eine neue Trendlinie wird auf den Markt gebracht: \u201eDr. Sauer\u2019s\u201c \u2013 moderne Convenience-Gew\u00fcrze, die sich durch vielf\u00e4ltige Anwendungsm\u00f6glichkeiten bei einfachster Handhabung auszeichnen.<\/p>\n<p>2004: Einf\u00fchrung einer neuen Produktpalette von W\u00fcrzungen und technologischen Hilfsstoffen f\u00fcr D\u00f6ner Kebab Produkte wie Scheiben- oder Hackd\u00f6ner.<\/p>\n<p>2005: Kauf der traditionsreichen K\u00f6lner Gew\u00fcrzm\u00fchle Rud. Schmidt Wwe. Die Anlagen am Standort K\u00f6ln werden abgebaut und in Kirchheimbolanden in die Produktion integriert. Seither f\u00fchrt KKS das Sortiment der Rud. Schmidt Wwe. als eigenst\u00e4ndige Premiummarke unter ihrem Firmendach.<\/p>\n<p>2006: Das KKS Betriebsgeb\u00e4ude wird erheblich vergr\u00f6\u00dfert. Es werden damit ein klar strukturiertes Rohstoff- und Fertigproduktlager in Betrieb genommen, die Produktionskapazit\u00e4t erh\u00f6ht sowie neue R\u00e4ume f\u00fcr Produktentwicklung, Qualit\u00e4tssicherung und Seminare bzw. Schulungen geschaffen.<br \/>\nErstmalige Zertifizierung von KKS nach IFS Food (International Featured Standard Food).<\/p>\n<p>2009: KKS erarbeitet ein neues zeitgem\u00e4\u00dfes Corporate Design.<\/p>\n<p>2010: Erweiterung der Palette von Darmbehandlungsmitteln um Pr\u00e4parate f\u00fcr Transportlaken und Behandlungsmittel zum optimierten Tuben von Naturd\u00e4rmen.<\/p>\n<p>2011: Erweiterungen der Abf\u00fcllkapazit\u00e4ten und des Entwicklungslabors.<\/p>\n[vc_empty_space height=\"100px\"]<\/div><\/div><\/div><\/div><\/section><section  class=\"  parallax-fix bg-image-srcset\"  style=\" background-image: url(https:\/\/kks-geschmack.com\/wp-content\/uploads\/2019\/12\/afaenge-uebernahme.jpg); \" data-bg-srcset=\"https:\/\/kks-geschmack.com\/wp-content\/uploads\/2019\/12\/afaenge-uebernahme.jpg 2000w, https:\/\/kks-geschmack.com\/wp-content\/uploads\/2019\/12\/afaenge-uebernahme-300x141.jpg 300w, https:\/\/kks-geschmack.com\/wp-content\/uploads\/2019\/12\/afaenge-uebernahme-1024x481.jpg 1024w, https:\/\/kks-geschmack.com\/wp-content\/uploads\/2019\/12\/afaenge-uebernahme-768x361.jpg 768w, https:\/\/kks-geschmack.com\/wp-content\/uploads\/2019\/12\/afaenge-uebernahme-1536x721.jpg 1536w, https:\/\/kks-geschmack.com\/wp-content\/uploads\/2019\/12\/afaenge-uebernahme-81x38.jpg 81w\"><div class=\"container\"><div class=\"row\"><div data-front-class=\"  col-xs-mobile-fullwidth col-sm-12 front-column-class\" class=\"wpb_column hcode-column-container  col-xs-mobile-fullwidth col-sm-12\"><div class=\"vc-column-innner-wrapper\">[vc_empty_space height=\"600px\"]<\/div><\/div><\/div><\/div><\/section><section class=\"  no-margin sm-no-margin xs-no-margin no-padding sm-no-padding xs-no-padding\" ><div class=\"container\"><div class=\"row\"><div data-front-class=\"  col-xs-mobile-fullwidth col-sm-12 front-column-class\" class=\"wpb_column hcode-column-container  col-xs-mobile-fullwidth col-sm-12\"><div class=\"vc-column-innner-wrapper\">[vc_empty_space height=\"100px\"]<h3>Die n\u00e4chste Generation<\/h3>\n[vc_empty_space]<p>2012: Zeitgleich zum 60-j\u00e4hrigen Firmenjubil\u00e4um tritt mit Katharina Sauer die vierte Familiengeneration in das Unternehmen ein. Katharina Sauer ist Dipl.-Ing. Lebensmitteltechnologie und hat mit ihrer anschlie\u00dfenden Masterarbeit im Fach Marketingkommunikation ein Konzept entwickelt, wie KKS Gew\u00fcrzmischungen aus dem professionellen B2B-Bereich an Endverbraucher vermarkten kann \u2013 die Marke KARL KONRAD\u2019S Kindeskinder mit ihren W\u00fcrzungen f\u00fcr alle Lebenslagen ist geboren!<\/p>\n<p>2013: Als vierte Produktsparte wird die KKS Convenience-Linie mit Trockenmarinanden, Instant- und Salatsaucen, Dips, Ketchupw\u00fcrzungen und Panadenmischungen eingef\u00fchrt. Sie erg\u00e4nzt das klassische Produktportfolio der Wirkstoffpr\u00e4parate, W\u00fcrzungen und Kombiprodukte um praktische L\u00f6sungen f\u00fcr den Food-Service Bereich.<br \/>\nParallel dazu startet KKS die Kooperation mit der Swiss German University Jakarta und der Fachhochschule S\u00fcdwestfalen, bei der j\u00e4hrlich indonesische Praktikanten f\u00fcr einen halbj\u00e4hrigen Austausch nach Kirchheimbolanden kommen.<\/p>\n<p>2014: Launch des <a href=\"https:\/\/www.kindeskinder.biz\" target=\"_blank\" rel=\"noopener noreferrer\">Onlineshops von KARL KONRAD\u2019S Kindeskinder<\/a> und erste Vertriebsaktivit\u00e4ten im LEH.<br \/>\nKKS entwickelt eine neue Linie zur Herstellung vegetarischer und veganer Produkte wie Brotaufstriche, Aufschnitt, Frikadellen und Bratwurst.<\/p>\n<p>2015: Operative Einf\u00fchrung eines neuen, f\u00fcr KKS ma\u00dfgeschneiderten Warenwirtschafts- &amp; Produktionsplanungssystems.<br \/>\nVerabschiedung des Prokuristen Karl-Horst Sch\u00e4ffer nach 50 Jahren Betriebszugeh\u00f6rigkeit in den Ruhestand. Seit 1965 hat Herr Sch\u00e4ffer gemeinsam mit vier Familiengenerationen in der Firmenleitung entscheidend zum Erfolg der Firma KKS beigetragen.<\/p>\n<p>2016: Zum 10. Mal in Folge erh\u00e4lt KKS seine IFS-Zertifizierung (gehobenes Niveau).<br \/>\nEinf\u00fchrung des Kindeskinder-Geschenkservices f\u00fcr w\u00fcrzige Werbegeschenke mit Logoaufdruck.<\/p>\n<p>2017: Zur Grillsaison 2017 startet ab Juni die deutschlandweite Kooperation zwischen Kindeskinder und HEINEKEN zum Thema <a href=\"https:\/\/www.heineken.com\/de\/agegateway?returnurl=%2fde%2fbbq-mastery\" target=\"_blank\" rel=\"noopener noreferrer\">UPGRADE YOUR BBQ<\/a>. In diesem Rahmen wird jeder Heineken-Kiste ein 50g-T\u00fctchen der eigens auf den Geschmack von <a href=\"https:\/\/www.heinekendeutschland.de\/agecheck\" target=\"_blank\" rel=\"noopener noreferrer\">HEINEKEN<\/a> abgestimmten W\u00fcrzmischung SUNNY BASIL BBQ beigelegt. Diese Mischung wurde in Zusammenarbeit mit dem Biersommelier <a href=\"https:\/\/www.bier-faktur.de\" target=\"_blank\" rel=\"noopener noreferrer\">Matthias Kopp<\/a> basierend auf HEINEKENS besonderen Aromen entwickelt.<\/p>\n<p>2018: Renovierung des firmeneigenen Anwendungstechnikums.<\/p>\n<p>2019: Katharina Sauer wird bei der <a href=\"https:\/\/www.gewuerzindustrie.de\/index-gewuerzindustrie.html\/presse-statistik-gewuerze\/pressemeldungen-gewuerzindustrie\/100-jahre-gewuerzindustrie\" target=\"_blank\" rel=\"noopener noreferrer\">Mitgliederversammlung des Fachverbandes der Gew\u00fcrzindustrie e.V<\/a>. in Hamburg in den Verbandsvorstand gew\u00e4hlt.<\/p>\n[vc_empty_space height=\"100px\"]<\/div><\/div><\/div><\/div><\/section><section  class=\"  parallax-fix bg-image-srcset\"  style=\" background-image: url(https:\/\/kks-geschmack.com\/wp-content\/uploads\/2019\/12\/anfaenge-neue-generation.jpg); \" data-bg-srcset=\"https:\/\/kks-geschmack.com\/wp-content\/uploads\/2019\/12\/anfaenge-neue-generation.jpg 2000w, https:\/\/kks-geschmack.com\/wp-content\/uploads\/2019\/12\/anfaenge-neue-generation-300x141.jpg 300w, https:\/\/kks-geschmack.com\/wp-content\/uploads\/2019\/12\/anfaenge-neue-generation-1024x481.jpg 1024w, https:\/\/kks-geschmack.com\/wp-content\/uploads\/2019\/12\/anfaenge-neue-generation-768x361.jpg 768w, https:\/\/kks-geschmack.com\/wp-content\/uploads\/2019\/12\/anfaenge-neue-generation-1536x721.jpg 1536w, https:\/\/kks-geschmack.com\/wp-content\/uploads\/2019\/12\/anfaenge-neue-generation-81x38.jpg 81w\"><div class=\"container\"><div class=\"row\"><div data-front-class=\"  col-xs-mobile-fullwidth col-sm-12 front-column-class\" class=\"wpb_column hcode-column-container  col-xs-mobile-fullwidth col-sm-12\"><div class=\"vc-column-innner-wrapper\">[vc_empty_space height=\"600px\"]<\/div><\/div><\/div><\/div><\/section><section class=\" vc_custom_1539946737354 \" ><div class=\"container\"><div class=\"row\"><div data-front-class=\"  col-xs-mobile-fullwidth col-sm-12 front-column-class\" class=\"wpb_column hcode-column-container  col-xs-mobile-fullwidth col-sm-12\"><div class=\"vc-column-innner-wrapper\">[vc_empty_space height=\"1px\"]<\/div><\/div><\/div><\/div><\/section><section class=\"  no-margin sm-no-margin xs-no-margin no-padding sm-no-padding xs-no-padding\"  style=\"  \"><div class=\"container\"><div class=\"row\"><div data-front-class=\"  col-xs-mobile-fullwidth\" class=\"wpb_column hcode-column-container  col-xs-mobile-fullwidth\"><div class=\"vc-column-innner-wrapper\">[vc_empty_space height=\"100px\"]<\/div><\/div><\/div><\/div><\/section><section class=\"  no-margin sm-no-margin xs-no-margin no-padding sm-no-padding xs-no-padding\"  style=\"  \"><div class=\"container\"><div class=\"row\"><div data-front-class=\"  col-xs-mobile-fullwidth col-sm-4 front-column-class\" class=\"wpb_column hcode-column-container  col-xs-mobile-fullwidth col-sm-4\"><div class=\"vc-column-innner-wrapper\"><p><strong>KKS KARL KONRAD GmbH &amp; Co. KG<\/strong><br \/>\nMarnheimer Str. 81\u201383<br \/>\nD\u201367292 Kirchheimbolanden<br \/>\nTelefon: + 49 (0) 6352 \u2013 40199-90<br \/>\nTelefax: + 49 (0) 6352 \u2013 40199-23<br \/>\ninfo@kks-geschmack.de<\/p>\n[vc_empty_space height=\"100px\"]<\/div><\/div><div data-front-class=\"  col-xs-mobile-fullwidth col-sm-2 front-column-class\" class=\"wpb_column hcode-column-container  col-xs-mobile-fullwidth col-sm-2\"><div class=\"vc-column-innner-wrapper\">[vc_single_image image=\"18908\" onclick=\"custom_link\" link=\"https:\/\/kks-geschmack.com\/en\"]<\/div><\/div><div data-front-class=\"  col-xs-mobile-fullwidth col-sm-2 front-column-class\" class=\"wpb_column hcode-column-container  col-xs-mobile-fullwidth col-sm-2\"><div class=\"vc-column-innner-wrapper\">[vc_single_image image=\"19247\" onclick=\"custom_link\" img_link_target=\"_blank\" link=\"https:\/\/www.kindeskinder.biz\/\"]<\/div><\/div><div data-front-class=\"  col-xs-mobile-fullwidth col-sm-2 front-column-class\" class=\"wpb_column hcode-column-container  col-xs-mobile-fullwidth col-sm-2\"><div class=\"vc-column-innner-wrapper\">[vc_single_image image=\"19246\" onclick=\"custom_link\" link=\"\/en\/rud-schmidt-wwe\/\"]<\/div><\/div><div data-front-class=\"  col-xs-mobile-fullwidth col-sm-2 front-column-class\" class=\"wpb_column hcode-column-container  col-xs-mobile-fullwidth col-sm-2\"><div class=\"vc-column-innner-wrapper\">[vc_single_image image=\"19251\"]<\/div><\/div><\/div><\/div><\/section><section class=\"  no-margin sm-no-margin xs-no-margin no-padding sm-no-padding xs-no-padding\" ><div data-background=#003583 data-front-class=\"  col-xs-mobile-fullwidth col-sm-3 front-column-class\" class=\"wpb_column hcode-column-container  col-xs-mobile-fullwidth col-sm-3\" style=\" background:#003583;\"><div class=\"vc-column-innner-wrapper\">[vc_empty_space height=\"20px\"]<h4 style=\"text-align: center;\"><a href=\"\/?page_id=18954\"><span style=\"color: #ffffff;\">Wirkstoffpr\u00e4parate<\/span><\/a><\/h4>\n[vc_empty_space height=\"20px\"]<\/div><\/div><div data-background=#c54203 data-front-class=\"  col-xs-mobile-fullwidth col-sm-3 front-column-class\" class=\"wpb_column hcode-column-container  col-xs-mobile-fullwidth col-sm-3\" style=\" background:#c54203;\"><div class=\"vc-column-innner-wrapper\">[vc_empty_space height=\"20px\"]<h4 style=\"text-align: center;\"><a href=\"\/?page_id=19152\"><span style=\"color: #ffffff;\">W\u00fcrzungen<\/span><\/a><\/h4>\n[vc_empty_space height=\"20px\"]<\/div><\/div><div data-background=#ff9400 data-front-class=\"  col-xs-mobile-fullwidth col-sm-3 front-column-class\" class=\"wpb_column hcode-column-container  col-xs-mobile-fullwidth col-sm-3\" style=\" background:#ff9400;\"><div class=\"vc-column-innner-wrapper\">[vc_empty_space height=\"20px\"]<h4 style=\"text-align: center;\"><a href=\"\/?page_id=19157\"><span style=\"color: #ffffff;\">Kombinationsprodukte <\/span><\/a><\/h4>\n[vc_empty_space height=\"20px\"]<\/div><\/div><div data-background=#757500 data-front-class=\"  col-xs-mobile-fullwidth col-sm-3 front-column-class\" class=\"wpb_column hcode-column-container  col-xs-mobile-fullwidth col-sm-3\" style=\" background:#757500;\"><div class=\"vc-column-innner-wrapper\">[vc_empty_space height=\"20px\"]<h4 style=\"text-align: center;\"><a href=\"\/?page_id=19159\"><span style=\"color: #ffffff;\">Convenience-L\u00f6sungen<\/span><\/a><\/h4>\n[vc_empty_space height=\"20px\"]<\/div><\/div><\/section>","protected":false},"excerpt":{"rendered":"<p>[vc_empty_space height=&#8221;125px&#8221;]Company history [vc_empty_space height=&#8221;20px&#8221;][vc_empty_space height=&#8221;200px&#8221;][vc_empty_space height=&#8221;70px&#8221;]Die Geschichte unseres Familienunternehmens [vc_empty_space height=&#8221;120px&#8221;]Die Anf\u00e4nge [vc_empty_space]1948: Der Metzgermeister und Gewerbeoberlehrer i.R. f\u00fcr Nahrungsmittel und Fotografie Karl Konrad gr\u00fcndet in Saarbr\u00fccken einen Fleischimportgro\u00dfhandel, KKS \u2013 KARL KONRAD SAARBR\u00dcCKEN. Er arbeitet wissenschaftlich auf dem Gebiet der Rohwurstherstellung und entwickelt das Rohwurstreifemittel PROPIDIN\u00ae. 1952: Da PROPIDIN\u00ae und andere Pr\u00e4parate von [&hellip;]<\/p>\n","protected":false},"author":1,"featured_media":0,"parent":0,"menu_order":0,"comment_status":"closed","ping_status":"closed","template":"","meta":{"footnotes":""},"class_list":["post-20242","page","type-page","status-publish","hentry"],"_links":{"self":[{"href":"https:\/\/kks-geschmack.com\/en\/wp-json\/wp\/v2\/pages\/20242","targetHints":{"allow":["GET"]}}],"collection":[{"href":"https:\/\/kks-geschmack.com\/en\/wp-json\/wp\/v2\/pages"}],"about":[{"href":"https:\/\/kks-geschmack.com\/en\/wp-json\/wp\/v2\/types\/page"}],"author":[{"embeddable":true,"href":"https:\/\/kks-geschmack.com\/en\/wp-json\/wp\/v2\/users\/1"}],"replies":[{"embeddable":true,"href":"https:\/\/kks-geschmack.com\/en\/wp-json\/wp\/v2\/comments?post=20242"}],"version-history":[{"count":0,"href":"https:\/\/kks-geschmack.com\/en\/wp-json\/wp\/v2\/pages\/20242\/revisions"}],"wp:attachment":[{"href":"https:\/\/kks-geschmack.com\/en\/wp-json\/wp\/v2\/media?parent=20242"}],"curies":[{"name":"wp","href":"https:\/\/api.w.org\/{rel}","templated":true}]}}