{"id":20273,"date":"2018-08-28T10:42:01","date_gmt":"2018-08-28T08:42:01","guid":{"rendered":"https:\/\/kks-geschmack.com\/qualitaetssicherung\/"},"modified":"2019-12-11T14:06:39","modified_gmt":"2019-12-11T13:06:39","slug":"qualitaetssicherung","status":"publish","type":"page","link":"https:\/\/kks-geschmack.com\/en\/qualitaetssicherung\/","title":{"rendered":"Quality management"},"content":{"rendered":"<section class=\"  no-margin sm-no-margin xs-no-margin no-padding sm-no-padding xs-no-padding\"  style=\" background-color:#003583;  min-height:195px\"><div class=\"container\"><div class=\"row\"><div data-front-class=\"  col-xs-mobile-fullwidth col-sm-12 no-padding sm-no-padding xs-no-padding no-margin sm-no-margin xs-no-margin front-column-class\" class=\"wpb_column hcode-column-container  col-xs-mobile-fullwidth col-sm-12 no-padding sm-no-padding xs-no-padding no-margin sm-no-margin xs-no-margin\"><div class=\"vc-column-innner-wrapper\">[vc_empty_space height=\"125px\"]<h3><span style=\"color: #ffffff;\">Quality Management<\/span><\/h3>\n[vc_empty_space height=\"20px\"]<\/div><\/div><\/div><\/div><\/section><section  class=\"  parallax-fix parallax2 position-relative bg-image-srcset\"  style=\" background-image: url(https:\/\/kks-geschmack.com\/wp-content\/uploads\/2018\/08\/mitarbeiter2.jpg); \" data-bg-srcset=\"https:\/\/kks-geschmack.com\/wp-content\/uploads\/2018\/08\/mitarbeiter2.jpg 1600w, https:\/\/kks-geschmack.com\/wp-content\/uploads\/2018\/08\/mitarbeiter2-300x147.jpg 300w, https:\/\/kks-geschmack.com\/wp-content\/uploads\/2018\/08\/mitarbeiter2-768x376.jpg 768w, https:\/\/kks-geschmack.com\/wp-content\/uploads\/2018\/08\/mitarbeiter2-1024x501.jpg 1024w, https:\/\/kks-geschmack.com\/wp-content\/uploads\/2018\/08\/mitarbeiter2-81x40.jpg 81w, https:\/\/kks-geschmack.com\/wp-content\/uploads\/2018\/08\/mitarbeiter2-600x294.jpg 600w\"><div data-front-class=\"  col-xs-mobile-fullwidth col-sm-12 front-column-class\" class=\"wpb_column hcode-column-container  col-xs-mobile-fullwidth col-sm-12\"><div class=\"vc-column-innner-wrapper\">[vc_empty_space height=\"300px\"]<\/div><\/div><\/section><section class=\"  no-margin no-padding\" ><div class=\"container\"><div class=\"row\"><div data-front-class=\"  col-xs-mobile-fullwidth col-sm-12 front-column-class\" class=\"wpb_column hcode-column-container  col-xs-mobile-fullwidth col-sm-12\"><div class=\"vc-column-innner-wrapper\">[vc_empty_space height=\"70px\"]<h1 style=\"color: #003583; font-family: ScriptBL; font-size: 48px;\">U<span style=\"text-transform: lowercase;\">nsere <\/span>Q<span style=\"text-transform: lowercase;\">ualit\u00e4tssicherung<\/span><\/h1>\n[vc_empty_space height=\"70px\"]<\/div><\/div><\/div><\/div><\/section><section class=\"  no-margin no-padding\" ><div class=\"container\"><div class=\"row\"><div data-front-class=\"  col-xs-mobile-fullwidth col-sm-6 front-column-class\" class=\"wpb_column hcode-column-container  col-xs-mobile-fullwidth col-sm-6\"><div class=\"vc-column-innner-wrapper\">[vc_single_image image=\"19022\" img_size=\"600x600\" css=\".vc_custom_1536138964479{margin-right: 100px !important;}\"][vc_empty_space height=\"100px\"]<\/div><\/div><div data-front-class=\"  col-xs-mobile-fullwidth col-sm-6 front-column-class\" class=\"wpb_column hcode-column-container  col-xs-mobile-fullwidth col-sm-6\"><div class=\"vc-column-innner-wrapper\"><h4>Grundziel der KKS ist es, Produkte mit einwandfreien Qualit\u00e4tseigenschaften herzustellen. Des Weiteren gilt es, die Erzeugnissicherheit, -legalit\u00e4t und -qualit\u00e4t in unserem Unternehmen st\u00e4ndig zu verbessern.<\/h4>\n[vc_empty_space height=\"20px\"]<h4>Produktionsabl\u00e4ufe werden regelm\u00e4\u00dfig optimiert, Rezepturen je nach Bedarf neu \u00fcberarbeitet bzw. neu entwickelt, Verfahren zur Qualit\u00e4tssicherung st\u00e4ndig gepr\u00fcft und an neue Gegebenheiten angepasst. Die Mitarbeiter unseres Unternehmens werden in regelm\u00e4\u00dfigen Abst\u00e4nden geschult, so dass sie die fachliche Qualifikation haben, die an sie gestellten Anforderungen zu erf\u00fcllen. Denn nur mit kompetenten Mitarbeitern k\u00f6nnen qualitativ hochwertige Produkte hergestellt werden.<\/h4>\n<\/div><\/div><\/div><\/div><\/section><section class=\"  no-margin no-padding\" ><div class=\"container\"><div class=\"row\"><div data-front-class=\"  col-xs-mobile-fullwidth col-sm-6 front-column-class\" class=\"wpb_column hcode-column-container  col-xs-mobile-fullwidth col-sm-6\"><div class=\"vc-column-innner-wrapper\">[vc_single_image image=\"19433\" img_size=\"600x872\" css=\".vc_custom_1536140016033{margin-right: 100px !important;}\"][vc_empty_space]<\/div><\/div><div data-front-class=\"  col-xs-mobile-fullwidth col-sm-6 front-column-class\" class=\"wpb_column hcode-column-container  col-xs-mobile-fullwidth col-sm-6\"><div class=\"vc-column-innner-wrapper\"><h4>Die konsequente Weiterentwicklung unseres Qualit\u00e4ts-Management-Systems nach IFS (International Featured Standard Food) steht ganz oben auf der Priorit\u00e4tenliste und ist eine ganz wesentliche und andauernde Ma\u00dfnahme f\u00fcr unseren Erfolg auf einem hinsichtlich Qualit\u00e4tskriterien und Produktsicherheit immer anspruchsvoller werdenden Markt.<\/h4>\n<\/div><\/div><\/div><\/div><\/section><section class=\"  no-margin sm-no-margin xs-no-margin no-padding sm-no-padding xs-no-padding\"  style=\"  \"><div class=\"container\"><div class=\"row\"><div data-front-class=\"  col-xs-mobile-fullwidth col-sm-12 front-column-class\" class=\"wpb_column hcode-column-container  col-xs-mobile-fullwidth col-sm-12\"><div class=\"vc-column-innner-wrapper\">[vc_empty_space height=\"100px\"]<\/div><\/div><\/div><\/div><\/section><section class=\"  no-margin sm-no-margin xs-no-margin\"  style=\" background-color:#f7f5e7; \"><div class=\"container\"><div class=\"row\"><div data-front-class=\"  col-xs-mobile-fullwidth col-sm-12 front-column-class\" class=\"wpb_column hcode-column-container  col-xs-mobile-fullwidth col-sm-12\"><div class=\"vc-column-innner-wrapper\"><\/div><\/div><\/div><\/div><\/section><section class=\"  no-margin sm-no-margin xs-no-margin no-padding sm-no-padding xs-no-padding\"  style=\"  \"><div class=\"container\"><div class=\"row\"><div data-front-class=\"  col-xs-mobile-fullwidth col-sm-12 front-column-class\" class=\"wpb_column hcode-column-container  col-xs-mobile-fullwidth col-sm-12\"><div class=\"vc-column-innner-wrapper\">[vc_empty_space height=\"100px\"]<\/div><\/div><\/div><\/div><\/section><section class=\"  no-margin sm-no-margin xs-no-margin no-padding sm-no-padding xs-no-padding\"  style=\"  \"><div class=\"container\"><div class=\"row\"><div data-front-class=\"  col-xs-mobile-fullwidth col-sm-4 front-column-class\" class=\"wpb_column hcode-column-container  col-xs-mobile-fullwidth col-sm-4\"><div class=\"vc-column-innner-wrapper\"><p><strong>KKS KARL KONRAD GmbH &amp; Co. KG<\/strong><br \/>\nMarnheimer Str. 81\u201383<br \/>\nD\u201367292 Kirchheimbolanden<br \/>\nTelefon: + 49 (0) 6352 \u2013 40199-90<br \/>\nTelefax: + 49 (0) 6352 \u2013 40199-23<br \/>\ninfo@kks-geschmack.de<\/p>\n[vc_empty_space height=\"100px\"]<\/div><\/div><div data-front-class=\"  col-xs-mobile-fullwidth col-sm-2 front-column-class\" class=\"wpb_column hcode-column-container  col-xs-mobile-fullwidth col-sm-2\"><div class=\"vc-column-innner-wrapper\">[vc_single_image image=\"18908\" onclick=\"custom_link\" link=\"https:\/\/kks-geschmack.com\/en\"]<\/div><\/div><div data-front-class=\"  col-xs-mobile-fullwidth col-sm-2 front-column-class\" class=\"wpb_column hcode-column-container  col-xs-mobile-fullwidth col-sm-2\"><div class=\"vc-column-innner-wrapper\">[vc_single_image image=\"19247\" onclick=\"custom_link\" img_link_target=\"_blank\" link=\"https:\/\/www.kindeskinder.biz\/\"]<\/div><\/div><div data-front-class=\"  col-xs-mobile-fullwidth col-sm-2 front-column-class\" class=\"wpb_column hcode-column-container  col-xs-mobile-fullwidth col-sm-2\"><div class=\"vc-column-innner-wrapper\">[vc_single_image image=\"19246\" onclick=\"custom_link\" link=\"\/en\/rud-schmidt-wwe\/\"]<\/div><\/div><div data-front-class=\"  col-xs-mobile-fullwidth col-sm-2 front-column-class\" class=\"wpb_column hcode-column-container  col-xs-mobile-fullwidth col-sm-2\"><div class=\"vc-column-innner-wrapper\">[vc_single_image image=\"19251\"]<\/div><\/div><\/div><\/div><\/section><section class=\"  no-margin sm-no-margin xs-no-margin no-padding sm-no-padding xs-no-padding\" ><div data-background=#003583 data-front-class=\"  col-xs-mobile-fullwidth col-sm-3 front-column-class\" class=\"wpb_column hcode-column-container  col-xs-mobile-fullwidth col-sm-3\" style=\" background:#003583;\"><div class=\"vc-column-innner-wrapper\">[vc_empty_space height=\"20px\"]<h4 style=\"text-align: center;\"><a href=\"\/?page_id=20450\"><span style=\"color: #ffffff;\">ACTIVE INGREDIENTS<\/span><\/a><\/h4>\n[vc_empty_space height=\"20px\"]<\/div><\/div><div data-background=#c54203 data-front-class=\"  col-xs-mobile-fullwidth col-sm-3 front-column-class\" class=\"wpb_column hcode-column-container  col-xs-mobile-fullwidth col-sm-3\" style=\" background:#c54203;\"><div class=\"vc-column-innner-wrapper\">[vc_empty_space height=\"20px\"]<h4 style=\"text-align: center;\"><a href=\"\/?page_id=19152\"><span style=\"color: #ffffff;\">SEASONINGS<\/span><\/a><\/h4>\n[vc_empty_space height=\"20px\"]<\/div><\/div><div data-background=#ff9400 data-front-class=\"  col-xs-mobile-fullwidth col-sm-3 front-column-class\" class=\"wpb_column hcode-column-container  col-xs-mobile-fullwidth col-sm-3\" style=\" background:#ff9400;\"><div class=\"vc-column-innner-wrapper\">[vc_empty_space height=\"20px\"]<h4 style=\"text-align: center;\"><a href=\"\/?page_id=19157\"><span style=\"color: #ffffff;\">COMBINATION PREPARATIONS <\/span><\/a><\/h4>\n[vc_empty_space height=\"20px\"]<\/div><\/div><div data-background=#757500 data-front-class=\"  col-xs-mobile-fullwidth col-sm-3 front-column-class\" class=\"wpb_column hcode-column-container  col-xs-mobile-fullwidth col-sm-3\" style=\" background:#757500;\"><div class=\"vc-column-innner-wrapper\">[vc_empty_space height=\"20px\"]<h4 style=\"text-align: center;\"><a href=\"\/?page_id=19159\"><span style=\"color: #ffffff;\">CONVENIENCE<\/span><\/a><\/h4>\n[vc_empty_space height=\"20px\"]<\/div><\/div><\/section>","protected":false},"excerpt":{"rendered":"<p>[vc_empty_space height=&#8221;125px&#8221;]Quality Management [vc_empty_space height=&#8221;20px&#8221;][vc_empty_space height=&#8221;300px&#8221;][vc_empty_space height=&#8221;70px&#8221;]Unsere Qualit\u00e4tssicherung [vc_empty_space height=&#8221;70px&#8221;][vc_single_image image=&#8221;19022&#8243; img_size=&#8221;600&#215;600&#8243; css=&#8221;.vc_custom_1536138964479{margin-right: 100px !important;}&#8221;][vc_empty_space height=&#8221;100px&#8221;]Grundziel der KKS ist es, Produkte mit einwandfreien Qualit\u00e4tseigenschaften herzustellen. Des Weiteren gilt es, die Erzeugnissicherheit, -legalit\u00e4t und -qualit\u00e4t in unserem Unternehmen st\u00e4ndig zu verbessern. [vc_empty_space height=&#8221;20px&#8221;]Produktionsabl\u00e4ufe werden regelm\u00e4\u00dfig optimiert, Rezepturen je nach Bedarf neu \u00fcberarbeitet bzw. neu entwickelt, Verfahren [&hellip;]<\/p>\n","protected":false},"author":1,"featured_media":0,"parent":0,"menu_order":0,"comment_status":"open","ping_status":"open","template":"","meta":{"footnotes":""},"class_list":["post-20273","page","type-page","status-publish","hentry"],"_links":{"self":[{"href":"https:\/\/kks-geschmack.com\/en\/wp-json\/wp\/v2\/pages\/20273","targetHints":{"allow":["GET"]}}],"collection":[{"href":"https:\/\/kks-geschmack.com\/en\/wp-json\/wp\/v2\/pages"}],"about":[{"href":"https:\/\/kks-geschmack.com\/en\/wp-json\/wp\/v2\/types\/page"}],"author":[{"embeddable":true,"href":"https:\/\/kks-geschmack.com\/en\/wp-json\/wp\/v2\/users\/1"}],"replies":[{"embeddable":true,"href":"https:\/\/kks-geschmack.com\/en\/wp-json\/wp\/v2\/comments?post=20273"}],"version-history":[{"count":0,"href":"https:\/\/kks-geschmack.com\/en\/wp-json\/wp\/v2\/pages\/20273\/revisions"}],"wp:attachment":[{"href":"https:\/\/kks-geschmack.com\/en\/wp-json\/wp\/v2\/media?parent=20273"}],"curies":[{"name":"wp","href":"https:\/\/api.w.org\/{rel}","templated":true}]}}