{"id":20501,"date":"2018-09-05T12:43:19","date_gmt":"2018-09-05T10:43:19","guid":{"rendered":"https:\/\/kks-geschmack.com\/kindeskinder\/"},"modified":"2019-12-12T11:56:36","modified_gmt":"2019-12-12T10:56:36","slug":"kindeskinder","status":"publish","type":"page","link":"https:\/\/kks-geschmack.com\/en\/kindeskinder\/","title":{"rendered":"Kindeskinder"},"content":{"rendered":"<section class=\"  no-margin sm-no-margin xs-no-margin no-padding sm-no-padding xs-no-padding\"  style=\" background-color:#c54203;  min-height:195px\"><div class=\"container\"><div class=\"row\"><div data-front-class=\"  col-xs-mobile-fullwidth col-sm-12 no-padding sm-no-padding xs-no-padding no-margin sm-no-margin xs-no-margin front-column-class\" class=\"wpb_column hcode-column-container  col-xs-mobile-fullwidth col-sm-12 no-padding sm-no-padding xs-no-padding no-margin sm-no-margin xs-no-margin\"><div class=\"vc-column-innner-wrapper\">[vc_empty_space height=\"125px\"]<h3><span style=\"color: #ffffff;\">Kindeskinder<\/span><\/h3>\n[vc_empty_space height=\"20px\"]<\/div><\/div><\/div><\/div><\/section><section  class=\"  parallax-fix bg-image-srcset\"  style=\" background-image: url(https:\/\/kks-geschmack.com\/wp-content\/uploads\/2019\/12\/kindeskinder-Gew\u00fcrze-2000px.jpg); \" data-bg-srcset=\"https:\/\/kks-geschmack.com\/wp-content\/uploads\/2019\/12\/kindeskinder-Gew\u00fcrze-2000px.jpg 2000w, https:\/\/kks-geschmack.com\/wp-content\/uploads\/2019\/12\/kindeskinder-Gew\u00fcrze-2000px-300x202.jpg 300w, https:\/\/kks-geschmack.com\/wp-content\/uploads\/2019\/12\/kindeskinder-Gew\u00fcrze-2000px-1024x688.jpg 1024w, https:\/\/kks-geschmack.com\/wp-content\/uploads\/2019\/12\/kindeskinder-Gew\u00fcrze-2000px-768x516.jpg 768w, https:\/\/kks-geschmack.com\/wp-content\/uploads\/2019\/12\/kindeskinder-Gew\u00fcrze-2000px-1536x1032.jpg 1536w, https:\/\/kks-geschmack.com\/wp-content\/uploads\/2019\/12\/kindeskinder-Gew\u00fcrze-2000px-81x54.jpg 81w\"><div class=\"container\"><div class=\"row\"><div data-front-class=\"  col-xs-mobile-fullwidth col-sm-12 front-column-class\" class=\"wpb_column hcode-column-container  col-xs-mobile-fullwidth col-sm-12\"><div class=\"vc-column-innner-wrapper\">[vc_empty_space height=\"200px\"]<\/div><\/div><\/div><\/div><\/section><section class=\"  no-margin sm-no-margin xs-no-margin no-padding sm-no-padding xs-no-padding\" ><div class=\"container\"><div class=\"row\"><div data-front-class=\"  col-xs-mobile-fullwidth col-sm-12 front-column-class\" class=\"wpb_column hcode-column-container  col-xs-mobile-fullwidth col-sm-12\"><div class=\"vc-column-innner-wrapper\">[vc_empty_space height=\"70px\"]<h1 style=\"text-align: left; color: #c54203;\"><span style=\"font-family: ScriptBL; font-size: 48px;\">K<span style=\"text-transform: lowercase;\">arl <\/span>K<span style=\"text-transform: lowercase;\">onrads <\/span>K<span style=\"text-transform: lowercase;\">indeskinder<\/span><\/span><\/h1>\n[vc_empty_space height=\"20px\"]<\/div><\/div><\/div><\/div><\/section><section class=\" vc_custom_1576148193712  no-margin-top sm-no-margin-top xs-no-margin-top no-padding-top sm-no-padding-top xs-no-padding-top\" ><div class=\"container\"><div class=\"row\"><div data-front-class=\"  col-xs-mobile-fullwidth col-sm-6 front-column-class\" class=\"wpb_column hcode-column-container  col-xs-mobile-fullwidth col-sm-6\"><div class=\"vc-column-innner-wrapper\">[vc_empty_space height=\"20px\"]<h4>KARL KONRAD\u2019S Kindeskinder, das sind 6 W\u00fcrzmischungen f\u00fcr alle Lebenslagen. Sie enthalten alles, was man f\u00fcr einen abgerundeten Geschmack ben\u00f6tigt \u2013 ganz ohne Geschmacksverst\u00e4rker. Sie sind vegetarier- &amp; veganerfreundlich &amp; im herzhaften Bereich universell einsetzbar: Ob f\u00fcr Fleisch, Fisch, Gem\u00fcse, Beilagen, Butterbrot &amp; Popcorn oder zum Marinieren, W\u00fcrzen &amp; Nachw\u00fcrzen. Als alltagstaugliche W\u00fcrzungen erfreuen sie ungeduldige Gourmets, gewitzte Hobbyk\u00f6che, hoffnungsfrohe Kochbeginner &amp; alle, die einfach lecker essen wollen! Jetzt neu: Die To-Go-Version zum unterwegs Nachw\u00fcrzen &amp; HOLY MOLY f\u00fcr Gl\u00fchwein &amp; Punsch!<\/h4>\n[vc_empty_space height=\"20px\"]<h4>Jeder der essen kann und wei\u00df was ihm schmeckt, kann auch kochen \u2013 davon sind wir \u00fcberzeugt. Das ist n\u00e4mlich alles gar nicht so schwer, wie man vielleicht denkt. Also macht euch mal locker! Andere kochen auch nur mit Wasser &amp; f\u00fcr die richtige W\u00fcrze sorgen wir ja mit unseren Mischungen \u2013 da braucht ihr euch keinen Kopf drum zu machen, wenn ihr nicht wollt. Also, was kann da noch gro\u00df schief gehen?!<\/h4>\n[vc_empty_space height=\"20px\"]<h4>Alles, was man braucht, ist eine Mischung, die fast alles kann. So wie CRUSTY DUST, RUBY ROAST, BASIL OLIVE, HERBS HARMONY, ROADHOUSE oder SCHNITZELGL\u00dcCK. Wetten, dass es dann gar keine Rolle mehr spielt, ob man \u00fcberhaupt kochen kann?!<\/h4>\n[vc_empty_space height=\"20px\"]<h4>Als Familienunternehmen in der bereits 4. Generation, stellen wir mit viel Know-How und Tradition exklusive Manufakturprodukte aus der Pfalz her. Unsere Allround-W\u00fcrzmischungen k\u00f6nnt ihr einfach wie Salz &amp; Pfeffer streuen oder in \u00d6l einger\u00fchrt zum Marinieren verwenden. Ganz easy!<\/h4>\n<\/div><\/div><div data-front-class=\"  col-xs-mobile-fullwidth col-sm-6 front-column-class\" class=\"wpb_column hcode-column-container  col-xs-mobile-fullwidth col-sm-6\"><div class=\"vc-column-innner-wrapper\">[vc_single_image image=\"19247\" img_size=\"400x574\" alignment=\"center\"]<\/div><\/div><\/div><\/div><\/section><section class=\"  no-margin sm-no-margin xs-no-margin no-padding sm-no-padding xs-no-padding\"  style=\"  \"><div class=\"container\"><div class=\"row\"><div data-front-class=\"  col-xs-mobile-fullwidth\" class=\"wpb_column hcode-column-container  col-xs-mobile-fullwidth\"><div class=\"vc-column-innner-wrapper\">[vc_empty_space height=\"60px\"][vc_video link=\"https:\/\/www.youtube.com\/watch?v=wECc8N3g3OY\" css=\".vc_custom_1540462956161{margin-left: 20px !important;}\"][vc_empty_space height=\"60px\"]<\/div><\/div><\/div><\/div><\/section><section class=\"  no-margin sm-no-margin xs-no-margin no-padding sm-no-padding xs-no-padding\"  style=\"  \"><div class=\"container\"><div class=\"row\"><div data-front-class=\"  col-xs-mobile-fullwidth\" class=\"wpb_column hcode-column-container  col-xs-mobile-fullwidth\"><div class=\"vc-column-innner-wrapper\">[vc_empty_space height=\"100px\"]<\/div><\/div><\/div><\/div><\/section><section class=\"  padding-three-tb sm-no-padding xs-no-padding\"  style=\" background-color:#c54203; \"><div class=\"container\"><div class=\"row\"><div data-front-class=\"  col-xs-mobile-fullwidth col-sm-6 front-column-class\" class=\"wpb_column hcode-column-container  col-xs-mobile-fullwidth col-sm-6\"><div class=\"vc-column-innner-wrapper\"><div class=\"text-med text-uppercase letter-spacing-2 margin-two black-text font-weight-600 xs-margin-top-six xs-margin-bottom-six display-block\"><span style=\"color: #ffffff;\">Sie wollen weitere Informationen?<\/span><\/div>\n<\/div><\/div><div data-front-class=\"  col-xs-mobile-fullwidth col-sm-3 front-column-class\" class=\"wpb_column hcode-column-container  col-xs-mobile-fullwidth col-sm-3\"><div class=\"vc-column-innner-wrapper\"><a  href=\"https:\/\/kks.weborigines.com\/kontakt\/\" target=\"_self\"  class=\"inner-link   hcode-button-1 btn-small-white-background btn-round btn-medium  margin-lr-10px xs-margin-five-bottom button btn\" >Kontakt<\/a><\/div><\/div><div data-front-class=\"  col-xs-mobile-fullwidth col-sm-3 front-column-class\" class=\"wpb_column hcode-column-container  col-xs-mobile-fullwidth col-sm-3\"><div class=\"vc-column-innner-wrapper\"><a  href=\"#\" target=\"_self\"  class=\"inner-link   hcode-button-2 btn-small-white-background btn-round btn-medium  margin-lr-10px xs-margin-five-bottom button btn\" >Tel: 06352 \u2013 31 55<\/a><\/div><\/div><\/div><\/div><\/section><section class=\"  no-margin sm-no-margin xs-no-margin no-padding sm-no-padding xs-no-padding\"  style=\"  \"><div class=\"container\"><div class=\"row\"><div data-front-class=\"  col-xs-mobile-fullwidth\" class=\"wpb_column hcode-column-container  col-xs-mobile-fullwidth\"><div class=\"vc-column-innner-wrapper\">[vc_empty_space height=\"100px\"]<\/div><\/div><\/div><\/div><\/section><section class=\"  no-margin sm-no-margin xs-no-margin no-padding sm-no-padding xs-no-padding\"  style=\"  \"><div class=\"container\"><div class=\"row\"><div data-front-class=\"  col-xs-mobile-fullwidth col-sm-4 front-column-class\" class=\"wpb_column hcode-column-container  col-xs-mobile-fullwidth col-sm-4\"><div class=\"vc-column-innner-wrapper\"><p><strong>KKS KARL KONRAD GmbH &amp; Co. KG<\/strong><br \/>\nMarnheimer Str. 81\u201383<br \/>\nD\u201367292 Kirchheimbolanden<br \/>\nTelefon: + 49 (0) 6352 \u2013 40199-90<br \/>\nTelefax: + 49 (0) 6352 \u2013 40199-23<br \/>\ninfo@kks-geschmack.de<\/p>\n[vc_empty_space height=\"100px\"]<\/div><\/div><div data-front-class=\"  col-xs-mobile-fullwidth col-sm-2 front-column-class\" class=\"wpb_column hcode-column-container  col-xs-mobile-fullwidth col-sm-2\"><div class=\"vc-column-innner-wrapper\">[vc_single_image image=\"18908\" onclick=\"custom_link\" link=\"https:\/\/kks-geschmack.com\/en\"]<\/div><\/div><div data-front-class=\"  col-xs-mobile-fullwidth col-sm-2 front-column-class\" class=\"wpb_column hcode-column-container  col-xs-mobile-fullwidth col-sm-2\"><div class=\"vc-column-innner-wrapper\">[vc_single_image image=\"19247\" onclick=\"custom_link\" img_link_target=\"_blank\" link=\"https:\/\/www.kindeskinder.biz\/\"]<\/div><\/div><div data-front-class=\"  col-xs-mobile-fullwidth col-sm-2 front-column-class\" class=\"wpb_column hcode-column-container  col-xs-mobile-fullwidth col-sm-2\"><div class=\"vc-column-innner-wrapper\">[vc_single_image image=\"19246\" onclick=\"custom_link\" link=\"\/en\/rud-schmidt-wwe\/\"]<\/div><\/div><div data-front-class=\"  col-xs-mobile-fullwidth col-sm-2 front-column-class\" class=\"wpb_column hcode-column-container  col-xs-mobile-fullwidth col-sm-2\"><div class=\"vc-column-innner-wrapper\">[vc_single_image image=\"19251\"]<\/div><\/div><\/div><\/div><\/section><section class=\"  no-margin sm-no-margin xs-no-margin no-padding sm-no-padding xs-no-padding\" ><div data-background=#003583 data-front-class=\"  col-xs-mobile-fullwidth col-sm-3 front-column-class\" class=\"wpb_column hcode-column-container  col-xs-mobile-fullwidth col-sm-3\" style=\" background:#003583;\"><div class=\"vc-column-innner-wrapper\">[vc_empty_space height=\"20px\"]<h4 style=\"text-align: center;\"><a href=\"\/?page_id=20450\"><span style=\"color: #ffffff;\">ACTIVE INGREDIENTS<\/span><\/a><\/h4>\n[vc_empty_space height=\"20px\"]<\/div><\/div><div data-background=#c54203 data-front-class=\"  col-xs-mobile-fullwidth col-sm-3 front-column-class\" class=\"wpb_column hcode-column-container  col-xs-mobile-fullwidth col-sm-3\" style=\" background:#c54203;\"><div class=\"vc-column-innner-wrapper\">[vc_empty_space height=\"20px\"]<h4 style=\"text-align: center;\"><a href=\"\/?page_id=19152\"><span style=\"color: #ffffff;\">SEASONINGS<\/span><\/a><\/h4>\n[vc_empty_space height=\"20px\"]<\/div><\/div><div data-background=#ff9400 data-front-class=\"  col-xs-mobile-fullwidth col-sm-3 front-column-class\" class=\"wpb_column hcode-column-container  col-xs-mobile-fullwidth col-sm-3\" style=\" background:#ff9400;\"><div class=\"vc-column-innner-wrapper\">[vc_empty_space height=\"20px\"]<h4 style=\"text-align: center;\"><a href=\"\/?page_id=19157\"><span style=\"color: #ffffff;\">COMBINATION PREPARATIONS <\/span><\/a><\/h4>\n[vc_empty_space height=\"20px\"]<\/div><\/div><div data-background=#757500 data-front-class=\"  col-xs-mobile-fullwidth col-sm-3 front-column-class\" class=\"wpb_column hcode-column-container  col-xs-mobile-fullwidth col-sm-3\" style=\" background:#757500;\"><div class=\"vc-column-innner-wrapper\">[vc_empty_space height=\"20px\"]<h4 style=\"text-align: center;\"><a href=\"\/?page_id=19159\"><span style=\"color: #ffffff;\">CONVENIENCE<\/span><\/a><\/h4>\n[vc_empty_space height=\"20px\"]<\/div><\/div><\/section>\r\n","protected":false},"excerpt":{"rendered":"<p>[vc_empty_space height=&#8221;125px&#8221;]Kindeskinder [vc_empty_space height=&#8221;20px&#8221;][vc_empty_space height=&#8221;200px&#8221;][vc_empty_space height=&#8221;70px&#8221;]Karl Konrads Kindeskinder [vc_empty_space height=&#8221;20px&#8221;][vc_empty_space height=&#8221;20px&#8221;]KARL KONRAD\u2019S Kindeskinder, das sind 6 W\u00fcrzmischungen f\u00fcr alle Lebenslagen. Sie enthalten alles, was man f\u00fcr einen abgerundeten Geschmack ben\u00f6tigt \u2013 ganz ohne Geschmacksverst\u00e4rker. Sie sind vegetarier- &amp; veganerfreundlich &amp; im herzhaften Bereich universell einsetzbar: Ob f\u00fcr Fleisch, Fisch, Gem\u00fcse, Beilagen, Butterbrot &amp; Popcorn oder [&hellip;]<\/p>\n","protected":false},"author":1,"featured_media":0,"parent":0,"menu_order":0,"comment_status":"closed","ping_status":"closed","template":"","meta":{"footnotes":""},"class_list":["post-20501","page","type-page","status-publish","hentry"],"_links":{"self":[{"href":"https:\/\/kks-geschmack.com\/en\/wp-json\/wp\/v2\/pages\/20501","targetHints":{"allow":["GET"]}}],"collection":[{"href":"https:\/\/kks-geschmack.com\/en\/wp-json\/wp\/v2\/pages"}],"about":[{"href":"https:\/\/kks-geschmack.com\/en\/wp-json\/wp\/v2\/types\/page"}],"author":[{"embeddable":true,"href":"https:\/\/kks-geschmack.com\/en\/wp-json\/wp\/v2\/users\/1"}],"replies":[{"embeddable":true,"href":"https:\/\/kks-geschmack.com\/en\/wp-json\/wp\/v2\/comments?post=20501"}],"version-history":[{"count":0,"href":"https:\/\/kks-geschmack.com\/en\/wp-json\/wp\/v2\/pages\/20501\/revisions"}],"wp:attachment":[{"href":"https:\/\/kks-geschmack.com\/en\/wp-json\/wp\/v2\/media?parent=20501"}],"curies":[{"name":"wp","href":"https:\/\/api.w.org\/{rel}","templated":true}]}}