{"id":20239,"date":"2018-09-05T22:43:08","date_gmt":"2018-09-05T20:43:08","guid":{"rendered":"https:\/\/kks-geschmack.com\/selbstverstaendnis\/"},"modified":"2019-12-12T11:46:47","modified_gmt":"2019-12-12T10:46:47","slug":"selbstverstaendnis","status":"publish","type":"page","link":"https:\/\/kks-geschmack.com\/fr\/selbstverstaendnis\/","title":{"rendered":"Selbstverst\u00e4ndnis"},"content":{"rendered":"<section class=\"  no-margin sm-no-margin xs-no-margin no-padding sm-no-padding xs-no-padding\"  style=\" background-color:#c54203;  min-height:195px\"><div class=\"container\"><div class=\"row\"><div data-front-class=\"  col-xs-mobile-fullwidth col-sm-12 no-padding sm-no-padding xs-no-padding no-margin sm-no-margin xs-no-margin front-column-class\" class=\"wpb_column hcode-column-container  col-xs-mobile-fullwidth col-sm-12 no-padding sm-no-padding xs-no-padding no-margin sm-no-margin xs-no-margin\"><div class=\"vc-column-innner-wrapper\">[vc_empty_space height=\"125px\"]<h3><span style=\"color: #ffffff;\">Selbstverst\u00e4ndnis<\/span><\/h3>\n[vc_empty_space height=\"20px\"]<\/div><\/div><\/div><\/div><\/section><section  class=\"  parallax-fix parallax1 full-screen ie-background-position-y-top no-margin sm-no-margin xs-no-margin no-padding sm-no-padding xs-no-padding bg-image-srcset\"  style=\" background-image: url(https:\/\/kks-geschmack.com\/wp-content\/uploads\/2018\/10\/familie2030.jpg); \" data-bg-srcset=\"https:\/\/kks-geschmack.com\/wp-content\/uploads\/2018\/10\/familie2030.jpg 2000w, https:\/\/kks-geschmack.com\/wp-content\/uploads\/2018\/10\/familie2030-300x196.jpg 300w, https:\/\/kks-geschmack.com\/wp-content\/uploads\/2018\/10\/familie2030-768x501.jpg 768w, https:\/\/kks-geschmack.com\/wp-content\/uploads\/2018\/10\/familie2030-1024x668.jpg 1024w, https:\/\/kks-geschmack.com\/wp-content\/uploads\/2018\/10\/familie2030-81x53.jpg 81w, https:\/\/kks-geschmack.com\/wp-content\/uploads\/2018\/10\/familie2030-600x391.jpg 600w\"><div data-front-class=\" vc_custom_1575978118015  col-xs-mobile-fullwidth col-sm-12 front-column-class\" class=\"wpb_column hcode-column-container vc_custom_1575978118015  col-xs-mobile-fullwidth col-sm-12\"><div class=\"vc-column-innner-wrapper\">[vc_empty_space height=\"700px\"]<\/div><\/div><\/section><section class=\"  no-margin sm-no-margin xs-no-margin no-padding sm-no-padding xs-no-padding\" ><div class=\"container\"><div class=\"row\"><div data-front-class=\"  col-xs-mobile-fullwidth col-sm-12 no-padding sm-no-padding xs-no-padding sm-no-margin xs-no-margin front-column-class\" class=\"wpb_column hcode-column-container  col-xs-mobile-fullwidth col-sm-12 no-padding sm-no-padding xs-no-padding sm-no-margin xs-no-margin\"><div class=\"vc-column-innner-wrapper\">[vc_empty_space height=\"50px\"]<p style=\"text-align: center;\"><span style=\"font-family: ScriptBL; font-size: 48px; color: #c54203; line-height: 64px;\">Geschmack, der Generationen verbindet<\/span><\/p>\n[vc_empty_space height=\"20px\"]<div  class=\" title-small font-weight-300  \" ><h4 style=\"text-align: left;\">Die KKS KARL KONRAD GmbH &amp; Co. KG ist ein 1952 gegr\u00fcndetes und in der dritten &amp; vierten Generation gef\u00fchrtes, mittelst\u00e4ndisches Familienunternehmen, das W\u00fcrzungen und Wirkstoffpr\u00e4parate f\u00fcr die Lebensmittelindustrie - vornehmlich Metzgereien und fleischverarbeitende Betriebe - herstellt und \u00fcber eigene Vertriebsnetze bzw. Partneragenturen weltweit vertreibt. W\u00e4hrend die Marke KKS vor allem f\u00fcr G\u00fctezus\u00e4tze auf h\u00f6chstem technologischen Niveau steht, \u00fcberzeugen unsere Produkte der Gew\u00fcrzm\u00fchle Rud. Schmidt Wwe. durch ihre traditionellen Premiumw\u00fcrzungen f\u00fcr das Metzgerhandwerk. Unter der Endverbrauchermarke KARL KONRAD\u2019S Kindeskinder vermarkten wir - getreu dem Motto \u201eDie neue Generation des guten Geschmacks\u201c - seit einigen Jahren universell einsetzbare, praktische Komplettw\u00fcrzungen in moderner Aufmachung f\u00fcr zu Hause.<\/h4>\n<\/div><\/div><\/div><\/div><\/div><\/section><section  class=\"  parallax-fix no-margin sm-no-margin xs-no-margin no-padding sm-no-padding xs-no-padding\"  style=\"  \"><div class=\"container\"><div class=\"row\"><div data-front-class=\"  col-xs-mobile-fullwidth col-sm-12 front-column-class\" class=\"wpb_column hcode-column-container  col-xs-mobile-fullwidth col-sm-12\"><div class=\"vc-column-innner-wrapper\">[vc_empty_space height=\"70px\"][vc_separator][vc_empty_space height=\"100px\"]<\/div><\/div><\/div><\/div><\/section><section class=\" vc_custom_1563187891053  no-margin sm-no-margin xs-no-margin no-padding sm-no-padding xs-no-padding\" ><div class=\"container\"><div class=\"row\"><div data-front-class=\"  col-md-7 col-xs-mobile-fullwidth col-sm-6 sm-text-center padding-right-two front-column-class\" class=\"wpb_column hcode-column-container  col-md-7 col-xs-mobile-fullwidth col-sm-6 sm-text-center padding-right-two\"><div class=\"vc-column-innner-wrapper\">[vc_empty_space]<img loading=\"lazy\" decoding=\"async\" src=\"https:\/\/kks-geschmack.com\/wp-content\/uploads\/2018\/10\/kind-wurst.jpg\" width=\"967\" height=\"848\" class=\" padding-two sm-padding-two margin-right-25px sm-margin-right-25px\" alt=\"Wir setzen auf Qualit\u00e4t und Geschmack\" srcset=\"https:\/\/kks-geschmack.com\/wp-content\/uploads\/2018\/10\/kind-wurst.jpg 967w, https:\/\/kks-geschmack.com\/wp-content\/uploads\/2018\/10\/kind-wurst-300x263.jpg 300w, https:\/\/kks-geschmack.com\/wp-content\/uploads\/2018\/10\/kind-wurst-768x673.jpg 768w, https:\/\/kks-geschmack.com\/wp-content\/uploads\/2018\/10\/kind-wurst-81x71.jpg 81w, https:\/\/kks-geschmack.com\/wp-content\/uploads\/2018\/10\/kind-wurst-600x526.jpg 600w\" sizes=\"auto, (max-width: 967px) 100vw, 967px\">[vc_empty_space height=\"50px\"]<\/div><\/div><div data-front-class=\"  col-md-5 col-xs-mobile-fullwidth col-sm-6 sm-text-center front-column-class\" class=\"wpb_column hcode-column-container  col-md-5 col-xs-mobile-fullwidth col-sm-6 sm-text-center\"><div class=\"vc-column-innner-wrapper\">[vc_empty_space]<p style=\"text-align: center;\"><span style=\"font-family: ScriptBL; font-size: 32px; text-transform: none; color: #c54203; line-height: 48px;\">Produktqualit\u00e4t, die man schmeckt<\/span><\/p>\n[vc_empty_space]<div  class=\" title-small font-weight-300  \" ><h4 style=\"text-align: left;\">Wir verstehen uns als ein modernes Unternehmen mit Tradition und viel Bewusstsein f\u00fcr die Qualit\u00e4t und den Geschmack von heute. Unser erfahrenes Expertenteam aus Metzgermeistern und Lebensmittelingenieuren b\u00fcrgt f\u00fcr die technologische und sensorische Wirksamkeit unserer Produkte, w\u00e4hrend unser seit 2006 mit dem IFS Food Standard auf h\u00f6herem Niveau ausgezeichnetes Qualit\u00e4tsmanagement maximale Produktsicherheit gew\u00e4hrleistet.<br \/>\nDiese Produktsicherheit wird von unseren Kunden seit Jahren ebenso gesch\u00e4tzt wie der einzigartige Geschmack, den unsere Erzeugnisse im Endprodukt bewirken.<\/h4>\n<\/div>[vc_empty_space height=\"50px\"]<\/div><\/div><\/div><\/div><\/section><section  class=\"  parallax-fix no-margin sm-no-margin xs-no-margin no-padding sm-no-padding xs-no-padding\"  style=\"  \"><div class=\"container\"><div class=\"row\"><div data-front-class=\"  col-xs-mobile-fullwidth col-sm-12 front-column-class\" class=\"wpb_column hcode-column-container  col-xs-mobile-fullwidth col-sm-12\"><div class=\"vc-column-innner-wrapper\">[vc_empty_space height=\"70px\"][vc_separator][vc_empty_space height=\"100px\"]<\/div><\/div><\/div><\/div><\/section><section  class=\"  parallax-fix bg-image-srcset\"  style=\" background-image: url(https:\/\/kks-geschmack.com\/wp-content\/uploads\/2019\/07\/sauermeuer.jpg); \" data-bg-srcset=\"https:\/\/kks-geschmack.com\/wp-content\/uploads\/2019\/07\/sauermeuer.jpg 2000w, https:\/\/kks-geschmack.com\/wp-content\/uploads\/2019\/07\/sauermeuer-300x150.jpg 300w, https:\/\/kks-geschmack.com\/wp-content\/uploads\/2019\/07\/sauermeuer-768x384.jpg 768w, https:\/\/kks-geschmack.com\/wp-content\/uploads\/2019\/07\/sauermeuer-1024x512.jpg 1024w, https:\/\/kks-geschmack.com\/wp-content\/uploads\/2019\/07\/sauermeuer-81x41.jpg 81w, https:\/\/kks-geschmack.com\/wp-content\/uploads\/2019\/07\/sauermeuer-600x300.jpg 600w\"><div class=\"container\"><div class=\"row\"><div data-front-class=\"  col-xs-mobile-fullwidth col-sm-12 front-column-class\" class=\"wpb_column hcode-column-container  col-xs-mobile-fullwidth col-sm-12\"><div class=\"vc-column-innner-wrapper\">[vc_empty_space height=\"600px\"]<\/div><\/div><\/div><\/div><\/section><section  class=\"  parallax-fix no-margin sm-no-margin xs-no-margin no-padding sm-no-padding xs-no-padding\"  style=\"  \"><div class=\"container\"><div class=\"row\"><div data-front-class=\"  col-xs-mobile-fullwidth col-sm-12 front-column-class\" class=\"wpb_column hcode-column-container  col-xs-mobile-fullwidth col-sm-12\"><div class=\"vc-column-innner-wrapper\">[vc_empty_space height=\"100px\"]<p style=\"text-align: center;\"><span style=\"font-family: ScriptBL; font-size: 48px; color: #c54203; line-height: 64px;\">Lokal handeln, global denken<\/span><\/p>\n<\/div><\/div><\/div><\/div><\/section><section  ><div class=\"container\"><div class=\"row\"><div data-front-class=\" vc_custom_1536753030665  col-xs-mobile-fullwidth col-sm-6 front-column-class\" class=\"wpb_column hcode-column-container vc_custom_1536753030665  col-xs-mobile-fullwidth col-sm-6\"><div class=\"vc-column-innner-wrapper\"><div  class=\" title-small font-weight-300  \" ><h4>Als familiengef\u00fchrtes Unternehmen f\u00fchlen wir uns unseren Kunden, Mitarbeitern, Lieferanten und unserem Umfeld gegen\u00fcber im Sinne von Stakeholder Value - statt Shareholder Value - verpflichtet. Kurzfristige, rein umsatzorientierte Managementziele ohne Weitsicht wie sie z.T. in Gro\u00dfkonzernen oder Start-Ups \u00fcblich sind, lehnen wir ab. Die vertrauensvolle und langfristige Zusammenarbeit mit unseren Kunden und Partnern im In- und Ausland ist uns wichtiger als schneller Abverkauf. Einen hohen Stellenwert hat daher die kundenorientierte Marktbearbeitung durch gezielte und schnelle, individuelle Produktentwicklungen.<\/h4>\n<\/div><\/div><\/div><div data-front-class=\"  col-xs-mobile-fullwidth col-sm-6 front-column-class\" class=\"wpb_column hcode-column-container  col-xs-mobile-fullwidth col-sm-6\"><div class=\"vc-column-innner-wrapper\"><div  class=\" title-small font-weight-300  \" ><h4>Mit unserer bew\u00e4hrten Produktpalette decken wir einen sehr weiten Bereich der Bed\u00fcrfnisse unserer Kunden ab und entwickeln dar\u00fcber hinaus entsprechend den geltenden Deklarationsvorschriften ma\u00dfgeschneiderte Produkte f\u00fcr die verschiedensten Zielm\u00e4rkte und Foodtrends. Die chargengerechte Abf\u00fcllung sowie eine breite Auswahl an Verpackungsm\u00f6glichkeiten bieten weitere Individualisierungsoptionen. Unsere Fachberater unterst\u00fctzen Sie stets kompetent und l\u00f6sungsorientiert - denn zufriedene Kunden sind der beste Beweis f\u00fcr die Qualit\u00e4t unserer Arbeit!<\/h4>\n<\/div><\/div><\/div><\/div><\/div><\/section><section  class=\"  parallax-fix bg-image-srcset\"  style=\" background-image: url(https:\/\/kks-geschmack.com\/wp-content\/uploads\/2019\/07\/firmengebaeude.jpg); \" data-bg-srcset=\"https:\/\/kks-geschmack.com\/wp-content\/uploads\/2019\/07\/firmengebaeude.jpg 2000w, https:\/\/kks-geschmack.com\/wp-content\/uploads\/2019\/07\/firmengebaeude-300x150.jpg 300w, https:\/\/kks-geschmack.com\/wp-content\/uploads\/2019\/07\/firmengebaeude-768x384.jpg 768w, https:\/\/kks-geschmack.com\/wp-content\/uploads\/2019\/07\/firmengebaeude-1024x512.jpg 1024w, https:\/\/kks-geschmack.com\/wp-content\/uploads\/2019\/07\/firmengebaeude-81x41.jpg 81w, https:\/\/kks-geschmack.com\/wp-content\/uploads\/2019\/07\/firmengebaeude-600x300.jpg 600w\"><div class=\"container\"><div class=\"row\"><div data-front-class=\"  col-xs-mobile-fullwidth col-sm-12 front-column-class\" class=\"wpb_column hcode-column-container  col-xs-mobile-fullwidth col-sm-12\"><div class=\"vc-column-innner-wrapper\">[vc_empty_space height=\"600px\"]<\/div><\/div><\/div><\/div><\/section><section  class=\"  parallax-fix no-margin sm-no-margin xs-no-margin no-padding sm-no-padding xs-no-padding\"  style=\"  \"><div class=\"container\"><div class=\"row\"><div data-front-class=\"  col-xs-mobile-fullwidth col-sm-12 front-column-class\" class=\"wpb_column hcode-column-container  col-xs-mobile-fullwidth col-sm-12\"><div class=\"vc-column-innner-wrapper\">[vc_empty_space height=\"100px\"]<p style=\"text-align: center;\"><span style=\"font-family: ScriptBL; font-size: 48px; text-transform: none; color: #c54203; line-height: 64px;\">Nachhaltiges Wachstum als sicherer Lieferant von schmackhaften Qualit\u00e4tsprodukten<\/span><\/p>\n<\/div><\/div><\/div><\/div><\/section><section  ><div class=\"container\"><div class=\"row\"><div data-front-class=\" vc_custom_1536753030665  col-xs-mobile-fullwidth col-sm-6 front-column-class\" class=\"wpb_column hcode-column-container vc_custom_1536753030665  col-xs-mobile-fullwidth col-sm-6\"><div class=\"vc-column-innner-wrapper\"><div  class=\" title-small font-weight-300  \" ><h4>Das stetig gestiegene Gesch\u00e4ftsvolumen sowie die hohen Anforderungen an Qualit\u00e4t, Liefersicherheit und -schnelligkeit haben zu diversen Erweiterungsinvestitionen an unserem Standort Kirchheimbolanden (Donnersbergkreis, Rheinland-Pfalz) gef\u00fchrt. Aus unserem eigenen Selbstverst\u00e4ndnis heraus befassen wir uns seit jeher mit den Themen soziale, \u00f6kologische und \u00f6konomische Nachhaltigkeit und setzen die f\u00fcr uns realisierbaren Elemente im t\u00e4glichen Arbeitsgeschehen um.<\/h4>\n<\/div>[vc_empty_space]<\/div><\/div><div data-front-class=\"  col-xs-mobile-fullwidth col-sm-6 front-column-class\" class=\"wpb_column hcode-column-container  col-xs-mobile-fullwidth col-sm-6\"><div class=\"vc-column-innner-wrapper\"><div  class=\" title-small font-weight-300  \" ><h4>Kontinuierliche Investitionen und Ma\u00dfnahmen zur baulichen Instandhaltung sowie der Senkung des Energieverbrauches sind - genauso wie stetige Verbesserungen des Produktionsprozesses \u2013 Teil unseres Energiemanagements. So bildet unsere Produktionsst\u00e4tte das solide Fundament unseres Unternehmens - doch w\u00e4re dies alles nichts ohne ein f\u00e4higes, motiviertes Team, das f\u00fcr uns als Firma gleicherma\u00dfen Erfolgsfaktor, Ressource und Potential darstellt. Die Firmenstrategie der 3. und 4. Familiengeneration ist darauf ausgerichtet, die Zukunft der KKS langfristig als unabh\u00e4ngiges Unternehmen zu gestalten und dabei nachhaltig zu wachsen.<\/h4>\n<\/div><\/div><\/div><\/div><\/div><\/section><section  class=\"  parallax-fix bg-image-srcset\"  style=\" background-image: url(https:\/\/kks-geschmack.com\/wp-content\/uploads\/2018\/10\/produktion2.jpg); \" data-bg-srcset=\"https:\/\/kks-geschmack.com\/wp-content\/uploads\/2018\/10\/produktion2.jpg 2000w, https:\/\/kks-geschmack.com\/wp-content\/uploads\/2018\/10\/produktion2-300x150.jpg 300w, https:\/\/kks-geschmack.com\/wp-content\/uploads\/2018\/10\/produktion2-768x384.jpg 768w, https:\/\/kks-geschmack.com\/wp-content\/uploads\/2018\/10\/produktion2-1024x512.jpg 1024w, https:\/\/kks-geschmack.com\/wp-content\/uploads\/2018\/10\/produktion2-81x41.jpg 81w, https:\/\/kks-geschmack.com\/wp-content\/uploads\/2018\/10\/produktion2-600x300.jpg 600w\"><div class=\"container\"><div class=\"row\"><div data-front-class=\"  col-xs-mobile-fullwidth col-sm-12 front-column-class\" class=\"wpb_column hcode-column-container  col-xs-mobile-fullwidth col-sm-12\"><div class=\"vc-column-innner-wrapper\">[vc_empty_space height=\"600px\"]<\/div><\/div><\/div><\/div><\/section><section class=\"  padding-three-tb sm-no-padding xs-no-padding\"  style=\" background-color:#c54203; \"><div class=\"container\"><div class=\"row\"><div data-front-class=\"  col-xs-mobile-fullwidth col-sm-6 front-column-class\" class=\"wpb_column hcode-column-container  col-xs-mobile-fullwidth col-sm-6\"><div class=\"vc-column-innner-wrapper\"><div class=\"text-med text-uppercase letter-spacing-2 margin-two black-text font-weight-600 xs-margin-top-six xs-margin-bottom-six display-block\"><span style=\"color: #ffffff;\">Sie wollen mehr \u00fcber KKS erfahren?<\/span><\/div>\n<\/div><\/div><div data-front-class=\"  col-xs-mobile-fullwidth col-sm-3 front-column-class\" class=\"wpb_column hcode-column-container  col-xs-mobile-fullwidth col-sm-3\"><div class=\"vc-column-innner-wrapper\"><a  href=\"https:\/\/kks.weborigines.com\/kontakt\/\" target=\"_self\"  class=\"inner-link   hcode-button-1 btn-small-white-background btn-round btn-medium  margin-lr-10px xs-margin-five-bottom button btn\" >Kontakt<\/a><\/div><\/div><div data-front-class=\"  col-xs-mobile-fullwidth col-sm-3 front-column-class\" class=\"wpb_column hcode-column-container  col-xs-mobile-fullwidth col-sm-3\"><div class=\"vc-column-innner-wrapper\"><a  href=\"#\" target=\"_self\"  class=\"inner-link   hcode-button-2 btn-small-white-background btn-round btn-medium  margin-lr-10px xs-margin-five-bottom button btn\" >Tel: 06352 \u2013 31 55<\/a><\/div><\/div><\/div><\/div><\/section><section class=\"  no-margin sm-no-margin xs-no-margin no-padding sm-no-padding xs-no-padding\"  style=\"  \"><div class=\"container\"><div class=\"row\"><div data-front-class=\"  col-xs-mobile-fullwidth\" class=\"wpb_column hcode-column-container  col-xs-mobile-fullwidth\"><div class=\"vc-column-innner-wrapper\">[vc_empty_space height=\"100px\"]<\/div><\/div><\/div><\/div><\/section><section class=\"  no-margin sm-no-margin xs-no-margin no-padding sm-no-padding xs-no-padding\"  style=\"  \"><div class=\"container\"><div class=\"row\"><div data-front-class=\"  col-xs-mobile-fullwidth col-sm-4 front-column-class\" class=\"wpb_column hcode-column-container  col-xs-mobile-fullwidth col-sm-4\"><div class=\"vc-column-innner-wrapper\"><p><strong>KKS KARL KONRAD GmbH &amp; Co. KG<\/strong><br \/>\nMarnheimer Str. 81\u201383<\/p>\n<p>D\u201367292 Kirchheimbolanden<br \/>\nTelefon: + 49 (0) 6352 \u2013 40199-90<br \/>\nTelefax: + 49 (0) 6352 \u2013 40199-23<br \/>\ninfo@kks-geschmack.de<\/p>\n[vc_empty_space height=\"100px\"]<\/div><\/div><div data-front-class=\"  col-xs-mobile-fullwidth col-sm-2 front-column-class\" class=\"wpb_column hcode-column-container  col-xs-mobile-fullwidth col-sm-2\"><div class=\"vc-column-innner-wrapper\">[vc_single_image image=\"18908\" onclick=\"custom_link\" link=\"https:\/\/kks-geschmack.com\/fr\"]<\/div><\/div><div data-front-class=\"  col-xs-mobile-fullwidth col-sm-2 front-column-class\" class=\"wpb_column hcode-column-container  col-xs-mobile-fullwidth col-sm-2\"><div class=\"vc-column-innner-wrapper\">[vc_single_image image=\"19247\" onclick=\"custom_link\" img_link_target=\"_blank\" link=\"https:\/\/www.kindeskinder.biz\/\"]<\/div><\/div><div data-front-class=\"  col-xs-mobile-fullwidth col-sm-2 front-column-class\" class=\"wpb_column hcode-column-container  col-xs-mobile-fullwidth col-sm-2\"><div class=\"vc-column-innner-wrapper\">[vc_single_image image=\"19246\" onclick=\"custom_link\" link=\"\/fr\/rud-schmidt-wwe\/\"]<\/div><\/div><div data-front-class=\"  col-xs-mobile-fullwidth col-sm-2 front-column-class\" class=\"wpb_column hcode-column-container  col-xs-mobile-fullwidth col-sm-2\"><div class=\"vc-column-innner-wrapper\">[vc_single_image image=\"19251\"]<\/div><\/div><\/div><\/div><\/section><section class=\"  no-margin sm-no-margin xs-no-margin no-padding sm-no-padding xs-no-padding\" ><div data-background=#003583 data-front-class=\"  col-xs-mobile-fullwidth col-sm-3 front-column-class\" class=\"wpb_column hcode-column-container  col-xs-mobile-fullwidth col-sm-3\" style=\" background:#003583;\"><div class=\"vc-column-innner-wrapper\">[vc_empty_space height=\"20px\"]<h4 style=\"text-align: center;\"><a href=\"\/?page_id=20457\"><span style=\"color: #ffffff;\">M\u00c9LANGES D\u2019ADDITIFS<\/span><\/a><\/h4>\n[vc_empty_space height=\"20px\"]<\/div><\/div><div data-background=#c54203 data-front-class=\"  col-xs-mobile-fullwidth col-sm-3 front-column-class\" class=\"wpb_column hcode-column-container  col-xs-mobile-fullwidth col-sm-3\" style=\" background:#c54203;\"><div class=\"vc-column-innner-wrapper\">[vc_empty_space height=\"20px\"]<h4 style=\"text-align: center;\"><a href=\"\/?page_id=20474\"><span style=\"color: #ffffff;\">E\u0301PICES<\/span><\/a><\/h4>\n[vc_empty_space height=\"20px\"]<\/div><\/div><div data-background=#ff9400 data-front-class=\"  col-xs-mobile-fullwidth col-sm-3 front-column-class\" class=\"wpb_column hcode-column-container  col-xs-mobile-fullwidth col-sm-3\" style=\" background:#ff9400;\"><div class=\"vc-column-innner-wrapper\">[vc_empty_space height=\"20px\"]<h4 style=\"text-align: center;\"><a href=\"\/?page_id=20466\"><span style=\"color: #ffffff;\">FORMULES COMBIN\u00c9ES <\/span><\/a><\/h4>\n[vc_empty_space height=\"20px\"]<\/div><\/div><div data-background=#757500 data-front-class=\"  col-xs-mobile-fullwidth col-sm-3 front-column-class\" class=\"wpb_column hcode-column-container  col-xs-mobile-fullwidth col-sm-3\" style=\" background:#757500;\"><div class=\"vc-column-innner-wrapper\">[vc_empty_space height=\"20px\"]<h4 style=\"text-align: center;\"><a href=\"\/?page_id=20482\"><span style=\"color: #ffffff;\">CONVENIENCE<\/span><\/a><\/h4>\n[vc_empty_space height=\"20px\"]<\/div><\/div><\/section>\r\n","protected":false},"excerpt":{"rendered":"<p>[vc_empty_space height=\u00a0\u00bb125px\u00a0\u00bb]Selbstverst\u00e4ndnis [vc_empty_space height=\u00a0\u00bb20px\u00a0\u00bb][vc_empty_space height=\u00a0\u00bb700px\u00a0\u00bb][vc_empty_space height=\u00a0\u00bb50px\u00a0\u00bb]Geschmack, der Generationen verbindet [vc_empty_space height=\u00a0\u00bb20px\u00a0\u00bb]Die KKS KARL KONRAD GmbH &amp; Co. KG ist ein 1952 gegr\u00fcndetes und in der dritten &amp; vierten Generation gef\u00fchrtes, mittelst\u00e4ndisches Familienunternehmen, das W\u00fcrzungen und Wirkstoffpr\u00e4parate f\u00fcr die Lebensmittelindustrie &#8211; vornehmlich Metzgereien und fleischverarbeitende Betriebe &#8211; herstellt und \u00fcber eigene Vertriebsnetze bzw. Partneragenturen weltweit vertreibt. [&hellip;]<\/p>\n","protected":false},"author":1,"featured_media":0,"parent":0,"menu_order":0,"comment_status":"closed","ping_status":"closed","template":"","meta":{"footnotes":""},"class_list":["post-20239","page","type-page","status-publish","hentry"],"_links":{"self":[{"href":"https:\/\/kks-geschmack.com\/fr\/wp-json\/wp\/v2\/pages\/20239","targetHints":{"allow":["GET"]}}],"collection":[{"href":"https:\/\/kks-geschmack.com\/fr\/wp-json\/wp\/v2\/pages"}],"about":[{"href":"https:\/\/kks-geschmack.com\/fr\/wp-json\/wp\/v2\/types\/page"}],"author":[{"embeddable":true,"href":"https:\/\/kks-geschmack.com\/fr\/wp-json\/wp\/v2\/users\/1"}],"replies":[{"embeddable":true,"href":"https:\/\/kks-geschmack.com\/fr\/wp-json\/wp\/v2\/comments?post=20239"}],"version-history":[{"count":0,"href":"https:\/\/kks-geschmack.com\/fr\/wp-json\/wp\/v2\/pages\/20239\/revisions"}],"wp:attachment":[{"href":"https:\/\/kks-geschmack.com\/fr\/wp-json\/wp\/v2\/media?parent=20239"}],"curies":[{"name":"wp","href":"https:\/\/api.w.org\/{rel}","templated":true}]}}