{"id":20293,"date":"2018-09-05T22:53:52","date_gmt":"2018-09-05T20:53:52","guid":{"rendered":"https:\/\/kks-geschmack.com\/kontakt\/"},"modified":"2021-06-24T16:31:15","modified_gmt":"2021-06-24T14:31:15","slug":"kontakt","status":"publish","type":"page","link":"https:\/\/kks-geschmack.com\/fr\/kontakt\/","title":{"rendered":"Contact"},"content":{"rendered":"<section class=\"  no-margin sm-no-margin xs-no-margin no-padding sm-no-padding xs-no-padding\"  style=\" background-color:#c54203;  min-height:195px\"><div class=\"container\"><div class=\"row\"><div data-front-class=\"  col-xs-mobile-fullwidth col-sm-12 no-padding sm-no-padding xs-no-padding no-margin sm-no-margin xs-no-margin front-column-class\" class=\"wpb_column hcode-column-container  col-xs-mobile-fullwidth col-sm-12 no-padding sm-no-padding xs-no-padding no-margin sm-no-margin xs-no-margin\"><div class=\"vc-column-innner-wrapper\">[vc_empty_space height=\"125px\"]<h3><span style=\"color: #ffffff;\">Contact<\/span><\/h3>\n[vc_empty_space height=\"20px\"]<\/div><\/div><\/div><\/div><\/section><section class=\"  no-padding\" ><div class=\"container-fluid\"><div class=\"row\"><div data-front-class=\"  col-xs-mobile-fullwidth no-padding\" class=\"wpb_column hcode-column-container  col-xs-mobile-fullwidth no-padding\"><div class=\"vc-column-innner-wrapper\"><div id=\"canvas1\" class=\"contact-map map\"><iframe loading=\"lazy\" id=\"map_canvas1\" src=\"https:\/\/www.google.com\/maps\/embed?pb=!1m14!1m8!1m3!1d10331.530673050234!2d8.0176199!3d49.65651!3m2!1i1024!2i768!4f13.1!3m3!1m2!1s0x0%3A0xa11d2cc292270240!2sKKS+Karl+Konrad+GmbH+%26+Co.+KG!5e0!3m2!1sde!2sde!4v1539950639755\" width=\"300\" height=\"150\"><\/iframe><\/div>\n<\/div><\/div><\/div><\/div><\/section><section id=\"contact-us\"  ><div class=\"container\"><div class=\"row\"><div data-front-class=\"  col-md-4 col-xs-mobile-fullwidth col-sm-6 front-column-class\" class=\"wpb_column hcode-column-container  col-md-4 col-xs-mobile-fullwidth col-sm-6\"><div class=\"vc-column-innner-wrapper\"><p class=\"text-med text-uppercase letter-spacing-1 black-text font-weight-600\">Contactez nous!<\/p>\n<p>Si vous souhaitez en savoir plus sur nos produits ou le d\u00e9veloppement de solutions individualis\u00e9es, si vous avez des questions sur nos services, des demandes ou des suggestions, merci de nous contacter par e-mail (info@kks-geschmack.de), t\u00e9l\u00e9phone (+ 49 (0) 6352\u201340199-90) ou en utilisant le formulaire de contact \u00e0 droite. Nous transmettrons vos questions ou vos demandes aux collaborateurs responsables. Nos conseillers sp\u00e9cialis\u00e9s vous informent sans engagement et vous proposent une assistance et des conseils d\u00e9taill\u00e9s. Si vous souhaitez collaborer avec nous sur le march\u00e9 international, n\u2019h\u00e9sitez pas \u00e0 nous contacter !<\/p>\n<p>Nous attendons votre message avec plaisir !<\/p>\n<\/div><\/div><div data-front-class=\"  col-md-offset-2 col-md-6 col-xs-mobile-fullwidth col-sm-6 front-column-class\" class=\"wpb_column hcode-column-container  col-md-offset-2 col-md-6 col-xs-mobile-fullwidth col-sm-6\"><div class=\"vc-column-innner-wrapper\">\n<div class=\"wpcf7 no-js\" id=\"wpcf7-f21764-o1\" lang=\"en-US\" dir=\"ltr\" data-wpcf7-id=\"21764\">\n<div class=\"screen-reader-response\"><p role=\"status\" aria-live=\"polite\" aria-atomic=\"true\"><\/p> <ul><\/ul><\/div>\n<form action=\"\/fr\/wp-json\/wp\/v2\/pages\/20293#wpcf7-f21764-o1\" method=\"post\" class=\"wpcf7-form init\" aria-label=\"Contact form\" novalidate=\"novalidate\" data-status=\"init\">\n<fieldset class=\"hidden-fields-container\"><input type=\"hidden\" name=\"_wpcf7\" value=\"21764\" \/><input type=\"hidden\" name=\"_wpcf7_version\" value=\"6.1.5\" \/><input type=\"hidden\" name=\"_wpcf7_locale\" value=\"en_US\" \/><input type=\"hidden\" name=\"_wpcf7_unit_tag\" value=\"wpcf7-f21764-o1\" \/><input type=\"hidden\" name=\"_wpcf7_container_post\" value=\"0\" \/><input type=\"hidden\" name=\"_wpcf7_posted_data_hash\" value=\"\" \/>\n<\/fieldset>\n<p><label> Votre nom<br \/>\n<span class=\"wpcf7-form-control-wrap\" data-name=\"your-name\"><input size=\"40\" maxlength=\"400\" class=\"wpcf7-form-control wpcf7-text wpcf7-validates-as-required\" aria-required=\"true\" aria-invalid=\"false\" value=\"\" type=\"text\" name=\"your-name\" \/><\/span> <\/label>\n<\/p>\n<p><label> Votre e-mail<br \/>\n<span class=\"wpcf7-form-control-wrap\" data-name=\"your-email\"><input size=\"40\" maxlength=\"400\" class=\"wpcf7-form-control wpcf7-email wpcf7-validates-as-required wpcf7-text wpcf7-validates-as-email\" aria-required=\"true\" aria-invalid=\"false\" value=\"\" type=\"email\" name=\"your-email\" \/><\/span> <\/label>\n<\/p>\n<p><label> Sujet<br \/>\n<span class=\"wpcf7-form-control-wrap\" data-name=\"your-subject\"><input size=\"40\" maxlength=\"400\" class=\"wpcf7-form-control wpcf7-text\" aria-invalid=\"false\" value=\"\" type=\"text\" name=\"your-subject\" \/><\/span> <\/label>\n<\/p>\n<p><label> Votre message<br \/>\n<span class=\"wpcf7-form-control-wrap\" data-name=\"your-message\"><textarea cols=\"40\" rows=\"10\" maxlength=\"2000\" class=\"wpcf7-form-control wpcf7-textarea\" aria-invalid=\"false\" name=\"your-message\"><\/textarea><\/span> <\/label>\n<\/p>\n<div id=\"cf7sr-69ebc7b2cfb7f\" class=\"cf7sr-g-recaptcha\" data-theme=\"light\" data-type=\"image\" data-size=\"normal\" data-sitekey=\"6Lf2glAbAAAAAJfQv2cDnmPkOfn7iC5kAFR0r_mU\"><\/div><span class=\"wpcf7-form-control-wrap cf7sr-recaptcha\" data-name=\"cf7sr-recaptcha\"><input type=\"hidden\" name=\"cf7sr-recaptcha\" value=\"\" class=\"wpcf7-form-control\"><\/span>\n<\/p>\n<p style=\"text-align:left; margin-left:-35px;\"<span class=\"wpcf7-form-control-wrap\" data-name=\"acceptance-408\"><span class=\"wpcf7-form-control wpcf7-acceptance\"><span class=\"wpcf7-list-item\"><label><input type=\"checkbox\" name=\"acceptance-408\" value=\"1\" aria-invalid=\"false\" \/><span class=\"wpcf7-list-item-label\">J'accepte l'accord sur la <a href=\"\/fr\/politique-de-confidentialite\/\"> politique de confidentialit\u00e9.<\/a><\/span><\/label><\/span><\/span><\/span>\n<\/p>\n<p><input class=\"wpcf7-form-control wpcf7-submit has-spinner highlight-button-dark btn btn-small button xs-margin-bottom-five\" type=\"submit\" value=\"Envoyer\" \/>\n<\/p><div class=\"wpcf7-response-output\" aria-hidden=\"true\"><\/div>\n<\/form>\n<\/div>\n<\/div><\/div><\/div><\/div><\/section><section class=\" vc_custom_1539946737354 \" ><div class=\"container\"><div class=\"row\"><div data-front-class=\"  col-xs-mobile-fullwidth col-sm-12 front-column-class\" class=\"wpb_column hcode-column-container  col-xs-mobile-fullwidth col-sm-12\"><div class=\"vc-column-innner-wrapper\">[vc_empty_space height=\"1px\"]<\/div><\/div><\/div><\/div><\/section><section class=\"  no-margin sm-no-margin xs-no-margin no-padding sm-no-padding xs-no-padding\"  style=\"  \"><div class=\"container\"><div class=\"row\"><div data-front-class=\"  col-xs-mobile-fullwidth\" class=\"wpb_column hcode-column-container  col-xs-mobile-fullwidth\"><div class=\"vc-column-innner-wrapper\">[vc_empty_space height=\"100px\"]<\/div><\/div><\/div><\/div><\/section><section class=\"  no-margin sm-no-margin xs-no-margin no-padding sm-no-padding xs-no-padding\"  style=\"  \"><div class=\"container\"><div class=\"row\"><div data-front-class=\"  col-xs-mobile-fullwidth col-sm-4 front-column-class\" class=\"wpb_column hcode-column-container  col-xs-mobile-fullwidth col-sm-4\"><div class=\"vc-column-innner-wrapper\"><p><strong>KKS KARL KONRAD GmbH &amp; Co. KG<\/strong><br \/>\nMarnheimer Str. 81\u201383<br \/>\nD\u201367292 Kirchheimbolanden<br \/>\nTelefon: + 49 (0) 6352 \u2013 40199-90<br \/>\nTelefax: + 49 (0) 6352 \u2013 40199-23<br \/>\ninfo@kks-geschmack.de<\/p>\n[vc_empty_space height=\"100px\"]<\/div><\/div><div data-front-class=\"  col-xs-mobile-fullwidth col-sm-2 front-column-class\" class=\"wpb_column hcode-column-container  col-xs-mobile-fullwidth col-sm-2\"><div class=\"vc-column-innner-wrapper\">[vc_single_image image=\"18908\" onclick=\"custom_link\" link=\"https:\/\/kks-geschmack.com\/fr\"]<\/div><\/div><div data-front-class=\"  col-xs-mobile-fullwidth col-sm-2 front-column-class\" class=\"wpb_column hcode-column-container  col-xs-mobile-fullwidth col-sm-2\"><div class=\"vc-column-innner-wrapper\">[vc_single_image image=\"19247\" onclick=\"custom_link\" img_link_target=\"_blank\" link=\"https:\/\/www.kindeskinder.biz\/\"]<\/div><\/div><div data-front-class=\"  col-xs-mobile-fullwidth col-sm-2 front-column-class\" class=\"wpb_column hcode-column-container  col-xs-mobile-fullwidth col-sm-2\"><div class=\"vc-column-innner-wrapper\">[vc_single_image image=\"19246\" onclick=\"custom_link\" link=\"\/fr\/rud-schmidt-wwe\/\"]<\/div><\/div><div data-front-class=\"  col-xs-mobile-fullwidth col-sm-2 front-column-class\" class=\"wpb_column hcode-column-container  col-xs-mobile-fullwidth col-sm-2\"><div class=\"vc-column-innner-wrapper\">[vc_single_image image=\"19251\"]<\/div><\/div><\/div><\/div><\/section><section class=\"  no-margin sm-no-margin xs-no-margin no-padding sm-no-padding xs-no-padding\" ><div data-background=#003583 data-front-class=\"  col-xs-mobile-fullwidth col-sm-3 front-column-class\" class=\"wpb_column hcode-column-container  col-xs-mobile-fullwidth col-sm-3\" style=\" background:#003583;\"><div class=\"vc-column-innner-wrapper\">[vc_empty_space height=\"20px\"]<h4 style=\"text-align: center;\"><a href=\"\/?page_id=20457\"><span style=\"color: #ffffff;\">M\u00c9LANGES D\u2019ADDITIFS<\/span><\/a><\/h4>\n[vc_empty_space height=\"20px\"]<\/div><\/div><div data-background=#c54203 data-front-class=\"  col-xs-mobile-fullwidth col-sm-3 front-column-class\" class=\"wpb_column hcode-column-container  col-xs-mobile-fullwidth col-sm-3\" style=\" background:#c54203;\"><div class=\"vc-column-innner-wrapper\">[vc_empty_space height=\"20px\"]<h4 style=\"text-align: center;\"><a href=\"\/?page_id=20474\"><span style=\"color: #ffffff;\">E\u0301PICES<\/span><\/a><\/h4>\n[vc_empty_space height=\"20px\"]<\/div><\/div><div data-background=#ff9400 data-front-class=\"  col-xs-mobile-fullwidth col-sm-3 front-column-class\" class=\"wpb_column hcode-column-container  col-xs-mobile-fullwidth col-sm-3\" style=\" background:#ff9400;\"><div class=\"vc-column-innner-wrapper\">[vc_empty_space height=\"20px\"]<h4 style=\"text-align: center;\"><a href=\"\/?page_id=20466\"><span style=\"color: #ffffff;\">FORMULES COMBIN\u00c9ES <\/span><\/a><\/h4>\n[vc_empty_space height=\"20px\"]<\/div><\/div><div data-background=#757500 data-front-class=\"  col-xs-mobile-fullwidth col-sm-3 front-column-class\" class=\"wpb_column hcode-column-container  col-xs-mobile-fullwidth col-sm-3\" style=\" background:#757500;\"><div class=\"vc-column-innner-wrapper\">[vc_empty_space height=\"20px\"]<h4 style=\"text-align: center;\"><a href=\"\/?page_id=20482\"><span style=\"color: #ffffff;\">CONVENIENCE<\/span><\/a><\/h4>\n[vc_empty_space height=\"20px\"]<\/div><\/div><\/section>","protected":false},"excerpt":{"rendered":"<p>[vc_empty_space height=\u00a0\u00bb125px\u00a0\u00bb]Contact [vc_empty_space height=\u00a0\u00bb20px\u00a0\u00bb] Contactez nous! Si vous souhaitez en savoir plus sur nos produits ou le d\u00e9veloppement de solutions individualis\u00e9es, si vous avez des questions sur nos services, des demandes ou des suggestions, merci de nous contacter par e-mail (info@kks-geschmack.de), t\u00e9l\u00e9phone (+ 49 (0) 6352\u201340199-90) ou en utilisant le formulaire de contact \u00e0 droite. [&hellip;]<\/p>\n","protected":false},"author":1,"featured_media":0,"parent":0,"menu_order":0,"comment_status":"closed","ping_status":"closed","template":"","meta":{"footnotes":""},"class_list":["post-20293","page","type-page","status-publish","hentry"],"_links":{"self":[{"href":"https:\/\/kks-geschmack.com\/fr\/wp-json\/wp\/v2\/pages\/20293","targetHints":{"allow":["GET"]}}],"collection":[{"href":"https:\/\/kks-geschmack.com\/fr\/wp-json\/wp\/v2\/pages"}],"about":[{"href":"https:\/\/kks-geschmack.com\/fr\/wp-json\/wp\/v2\/types\/page"}],"author":[{"embeddable":true,"href":"https:\/\/kks-geschmack.com\/fr\/wp-json\/wp\/v2\/users\/1"}],"replies":[{"embeddable":true,"href":"https:\/\/kks-geschmack.com\/fr\/wp-json\/wp\/v2\/comments?post=20293"}],"version-history":[{"count":0,"href":"https:\/\/kks-geschmack.com\/fr\/wp-json\/wp\/v2\/pages\/20293\/revisions"}],"wp:attachment":[{"href":"https:\/\/kks-geschmack.com\/fr\/wp-json\/wp\/v2\/media?parent=20293"}],"curies":[{"name":"wp","href":"https:\/\/api.w.org\/{rel}","templated":true}]}}